{"id":7,"date":"2017-08-29T16:40:49","date_gmt":"2017-08-29T14:40:49","guid":{"rendered":"http:\/\/www.the-eye-of-the-photographer.com\/?page_id=7"},"modified":"2024-04-19T11:15:04","modified_gmt":"2024-04-19T09:15:04","slug":"accueil","status":"publish","type":"page","link":"https:\/\/www.the-eye-of-the-photographer.com\/en\/","title":{"rendered":"Accueil"},"content":{"rendered":"<div id=\"dslc-theme-content\"><div id=\"dslc-theme-content-inner\"><img data-recalc-dims=\"1\" loading=\"lazy\" decoding=\"async\" data-attachment-id=\"33\" data-permalink=\"https:\/\/www.the-eye-of-the-photographer.com\/en\/accueil\/paris-gris\/\" data-orig-file=\"https:\/\/i0.wp.com\/www.the-eye-of-the-photographer.com\/wp-content\/uploads\/2017\/09\/paris-gris.jpg?fit=2268%2C1696&amp;ssl=1\" data-orig-size=\"2268,1696\" data-comments-opened=\"1\" data-image-meta=\"{&quot;aperture&quot;:&quot;0&quot;,&quot;credit&quot;:&quot;&quot;,&quot;camera&quot;:&quot;&quot;,&quot;caption&quot;:&quot;&quot;,&quot;created_timestamp&quot;:&quot;0&quot;,&quot;copyright&quot;:&quot;&quot;,&quot;focal_length&quot;:&quot;0&quot;,&quot;iso&quot;:&quot;0&quot;,&quot;shutter_speed&quot;:&quot;0&quot;,&quot;title&quot;:&quot;&quot;,&quot;orientation&quot;:&quot;0&quot;}\" data-image-title=\"paris-gris\" data-image-description=\"&lt;p&gt;Tour Eiffel sous la pluie&lt;\/p&gt;\n\" data-image-caption=\"\" data-large-file=\"https:\/\/i0.wp.com\/www.the-eye-of-the-photographer.com\/wp-content\/uploads\/2017\/09\/paris-gris.jpg?fit=1024%2C766&amp;ssl=1\" class=\"alignnone wp-image-33 size-full\" src=\"https:\/\/i0.wp.com\/www.the-eye-of-the-photographer.com\/wp-content\/uploads\/2017\/09\/paris-gris.jpg?resize=2268%2C1696\" alt=\"Tour Eiffel sous la pluie\" width=\"2268\" height=\"1696\" srcset=\"https:\/\/i0.wp.com\/www.the-eye-of-the-photographer.com\/wp-content\/uploads\/2017\/09\/paris-gris.jpg?w=2268&amp;ssl=1 2268w, https:\/\/i0.wp.com\/www.the-eye-of-the-photographer.com\/wp-content\/uploads\/2017\/09\/paris-gris.jpg?resize=300%2C224&amp;ssl=1 300w, https:\/\/i0.wp.com\/www.the-eye-of-the-photographer.com\/wp-content\/uploads\/2017\/09\/paris-gris.jpg?resize=768%2C574&amp;ssl=1 768w, https:\/\/i0.wp.com\/www.the-eye-of-the-photographer.com\/wp-content\/uploads\/2017\/09\/paris-gris.jpg?resize=1024%2C766&amp;ssl=1 1024w, https:\/\/i0.wp.com\/www.the-eye-of-the-photographer.com\/wp-content\/uploads\/2017\/09\/paris-gris.jpg?w=2000&amp;ssl=1 2000w\" sizes=\"auto, (max-width: 1000px) 100vw, 1000px\" \/><\/p>\n\n\n\n<h2 class=\"wp-block-heading\"><span style=\"color: #ffffff;\"><strong>Welcome to The Eye Of The Photographer,<\/strong><\/span><\/h2>\n\n\n\n<p class=\"has-text-align-center\"><span style=\"color: #ffffff;\"><strong>The Eye Of The Photographer is the site where you will find the galleries that present my work as a photographer, videographer and director\/producer.<br><\/strong><\/span><\/p>\n\n\n\n<p class=\"has-text-align-center\"><span style=\"color: #ffffff;\"><strong>This is the ideal place to <a href=\"http:\/\/www.the-eye-of-the-photographer.com\/a-propos\/\">get to know<\/a> my universe, my vision of these two arts.<\/strong><\/span><\/p>\n\n\n\n<p class=\"has-text-align-center\"><span style=\"color: #ffffff;\"><strong>It is also the best place to <a href=\"http:\/\/www.the-eye-of-the-photographer.com\/contact\/\">contact<\/a> me if you like my work.<br><\/strong><\/span><\/p>\n\n\n\n<p class=\"has-text-align-center\"><span style=\"color: #ffffff;\"><strong>I sincerely hope you will enjoy what you see here. My first goal is to make you dream and touch you. If at least I can change your vision on some areas of photography and make you appreciate my sensitivity in these areas, I would already consider myself happy.<br><\/strong><\/span><\/p><\/div><\/div>","protected":false},"excerpt":{"rendered":"<p>Welcome to The Eye Of The Photographer, The Eye Of The Photographer is the site where you will find the galleries that present my work as a photographer, videographer and director\/producer. This is the ideal place to get to know &hellip; <a href=\"https:\/\/www.the-eye-of-the-photographer.com\/en\/\">Continued<\/a><\/p>\n","protected":false},"author":1,"featured_media":0,"parent":0,"menu_order":0,"comment_status":"closed","ping_status":"closed","template":"page-fullwidth.php","meta":{"sfsi_plus_gutenberg_text_before_share":"","sfsi_plus_gutenberg_show_text_before_share":"","sfsi_plus_gutenberg_icon_type":"","sfsi_plus_gutenberg_icon_alignemt":"","sfsi_plus_gutenburg_max_per_row":"","kt_blocks_editor_width":"","jetpack_post_was_ever_published":false,"footnotes":""},"class_list":["post-7","page","type-page","status-publish","hentry"],"yoast_head":"<!-- This site is optimized with the Yoast SEO plugin v26.8 - https:\/\/yoast.com\/product\/yoast-seo-wordpress\/ -->\n<title>Accueil - The eye of the photographer<\/title>\n<meta name=\"description\" content=\"Site pr\u00e9sentant les \u0153uvres photographiques et vid\u00e9o de l&#039;artiste The Eye Of The Photographer. C&#039;est aussi le lieu id\u00e9al pour d\u00e9couvrir son univers et le contact.\" \/>\n<meta name=\"robots\" content=\"index, follow, max-snippet:-1, max-image-preview:large, max-video-preview:-1\" \/>\n<link rel=\"canonical\" href=\"https:\/\/www.the-eye-of-the-photographer.com\/\" \/>\n<meta property=\"og:locale\" content=\"en_US\" \/>\n<meta property=\"og:type\" content=\"article\" \/>\n<meta property=\"og:title\" content=\"Accueil - The eye of the photographer\" \/>\n<meta property=\"og:description\" content=\"{:fr}Accueil du site The Eye Of The Photographer pr\u00e9sentant les \u0153uvres photographiques et vid\u00e9o de l&#039;artiste parisien. {:en}Site pr\u00e9sentant les \u0153uvres photographiques et vid\u00e9o de l&#039;artiste The Eye Of The Photographer. C&#039;est aussi le lieu id\u00e9al pour d\u00e9couvrir son univers et le contact.{:}\" \/>\n<meta property=\"og:url\" content=\"https:\/\/www.the-eye-of-the-photographer.com\/\" \/>\n<meta property=\"og:site_name\" content=\"The eye of the photographer\" \/>\n<meta property=\"article:modified_time\" content=\"2024-04-19T09:15:04+00:00\" \/>\n<meta property=\"og:image\" content=\"http:\/\/www.the-eye-of-the-photographer.com\/wp-content\/uploads\/2017\/09\/paris-gris.jpg\" \/>\n<meta name=\"twitter:card\" content=\"summary_large_image\" \/>\n<meta name=\"twitter:label1\" content=\"Est. reading time\" \/>\n\t<meta name=\"twitter:data1\" content=\"2 minutes\" \/>\n<script type=\"application\/ld+json\" class=\"yoast-schema-graph\">{\"@context\":\"https:\/\/schema.org\",\"@graph\":[{\"@type\":\"WebPage\",\"@id\":\"https:\/\/www.the-eye-of-the-photographer.com\/\",\"url\":\"https:\/\/www.the-eye-of-the-photographer.com\/\",\"name\":\"Accueil - The eye of the photographer\",\"isPartOf\":{\"@id\":\"https:\/\/www.the-eye-of-the-photographer.com\/#website\"},\"primaryImageOfPage\":{\"@id\":\"https:\/\/www.the-eye-of-the-photographer.com\/#primaryimage\"},\"image\":{\"@id\":\"https:\/\/www.the-eye-of-the-photographer.com\/#primaryimage\"},\"thumbnailUrl\":\"http:\/\/www.the-eye-of-the-photographer.com\/wp-content\/uploads\/2017\/09\/paris-gris.jpg\",\"datePublished\":\"2017-08-29T14:40:49+00:00\",\"dateModified\":\"2024-04-19T09:15:04+00:00\",\"description\":\"{:fr}Accueil du site The Eye Of The Photographer pr\u00e9sentant les \u0153uvres photographiques et vid\u00e9o de l'artiste parisien. {:en}Site pr\u00e9sentant les \u0153uvres photographiques et vid\u00e9o de l'artiste The Eye Of The Photographer. C'est aussi le lieu id\u00e9al pour d\u00e9couvrir son univers et le contact.{:}\",\"breadcrumb\":{\"@id\":\"https:\/\/www.the-eye-of-the-photographer.com\/#breadcrumb\"},\"inLanguage\":\"en-US\",\"potentialAction\":[{\"@type\":\"ReadAction\",\"target\":[\"https:\/\/www.the-eye-of-the-photographer.com\/\"]}]},{\"@type\":\"ImageObject\",\"inLanguage\":\"en-US\",\"@id\":\"https:\/\/www.the-eye-of-the-photographer.com\/#primaryimage\",\"url\":\"http:\/\/www.the-eye-of-the-photographer.com\/wp-content\/uploads\/2017\/09\/paris-gris.jpg\",\"contentUrl\":\"http:\/\/www.the-eye-of-the-photographer.com\/wp-content\/uploads\/2017\/09\/paris-gris.jpg\"},{\"@type\":\"BreadcrumbList\",\"@id\":\"https:\/\/www.the-eye-of-the-photographer.com\/#breadcrumb\",\"itemListElement\":[{\"@type\":\"ListItem\",\"position\":1,\"name\":\"Accueil\",\"item\":\"https:\/\/www.the-eye-of-the-photographer.com\/\"},{\"@type\":\"ListItem\",\"position\":2,\"name\":\"Accueil\"}]},{\"@type\":\"WebSite\",\"@id\":\"https:\/\/www.the-eye-of-the-photographer.com\/#website\",\"url\":\"https:\/\/www.the-eye-of-the-photographer.com\/\",\"name\":\"The eye of the photographer\",\"description\":\"Photographies et vid\u00e9os d&#039;art\",\"potentialAction\":[{\"@type\":\"SearchAction\",\"target\":{\"@type\":\"EntryPoint\",\"urlTemplate\":\"https:\/\/www.the-eye-of-the-photographer.com\/?s={search_term_string}\"},\"query-input\":{\"@type\":\"PropertyValueSpecification\",\"valueRequired\":true,\"valueName\":\"search_term_string\"}}],\"inLanguage\":\"en-US\"},{\"@type\":\"ImageObject\",\"inLanguage\":\"en-US\",\"@id\":\"https:\/\/www.the-eye-of-the-photographer.com\/#local-main-organization-logo\",\"url\":\"\",\"contentUrl\":\"\",\"caption\":\"The eye of the photographer\"}]}<\/script>\n<!-- \/ Yoast SEO plugin. -->","yoast_head_json":{"title":"Accueil - The eye of the photographer","description":"Site pr\u00e9sentant les \u0153uvres photographiques et vid\u00e9o de l'artiste The Eye Of The Photographer. C'est aussi le lieu id\u00e9al pour d\u00e9couvrir son univers et le contact.","robots":{"index":"index","follow":"follow","max-snippet":"max-snippet:-1","max-image-preview":"max-image-preview:large","max-video-preview":"max-video-preview:-1"},"canonical":"https:\/\/www.the-eye-of-the-photographer.com\/","og_locale":"en_US","og_type":"article","og_title":"Accueil - The eye of the photographer","og_description":"{:fr}Accueil du site The Eye Of The Photographer pr\u00e9sentant les \u0153uvres photographiques et vid\u00e9o de l'artiste parisien. {:en}Site pr\u00e9sentant les \u0153uvres photographiques et vid\u00e9o de l'artiste The Eye Of The Photographer. C'est aussi le lieu id\u00e9al pour d\u00e9couvrir son univers et le contact.{:}","og_url":"https:\/\/www.the-eye-of-the-photographer.com\/","og_site_name":"The eye of the photographer","article_modified_time":"2024-04-19T09:15:04+00:00","og_image":[{"url":"http:\/\/www.the-eye-of-the-photographer.com\/wp-content\/uploads\/2017\/09\/paris-gris.jpg","type":"","width":"","height":""}],"twitter_card":"summary_large_image","twitter_misc":{"Est. reading time":"2 minutes"},"schema":{"@context":"https:\/\/schema.org","@graph":[{"@type":"WebPage","@id":"https:\/\/www.the-eye-of-the-photographer.com\/","url":"https:\/\/www.the-eye-of-the-photographer.com\/","name":"Accueil - The eye of the photographer","isPartOf":{"@id":"https:\/\/www.the-eye-of-the-photographer.com\/#website"},"primaryImageOfPage":{"@id":"https:\/\/www.the-eye-of-the-photographer.com\/#primaryimage"},"image":{"@id":"https:\/\/www.the-eye-of-the-photographer.com\/#primaryimage"},"thumbnailUrl":"http:\/\/www.the-eye-of-the-photographer.com\/wp-content\/uploads\/2017\/09\/paris-gris.jpg","datePublished":"2017-08-29T14:40:49+00:00","dateModified":"2024-04-19T09:15:04+00:00","description":"{:fr}Accueil du site The Eye Of The Photographer pr\u00e9sentant les \u0153uvres photographiques et vid\u00e9o de l'artiste parisien. {:en}Site pr\u00e9sentant les \u0153uvres photographiques et vid\u00e9o de l'artiste The Eye Of The Photographer. C'est aussi le lieu id\u00e9al pour d\u00e9couvrir son univers et le contact.{:}","breadcrumb":{"@id":"https:\/\/www.the-eye-of-the-photographer.com\/#breadcrumb"},"inLanguage":"en-US","potentialAction":[{"@type":"ReadAction","target":["https:\/\/www.the-eye-of-the-photographer.com\/"]}]},{"@type":"ImageObject","inLanguage":"en-US","@id":"https:\/\/www.the-eye-of-the-photographer.com\/#primaryimage","url":"http:\/\/www.the-eye-of-the-photographer.com\/wp-content\/uploads\/2017\/09\/paris-gris.jpg","contentUrl":"http:\/\/www.the-eye-of-the-photographer.com\/wp-content\/uploads\/2017\/09\/paris-gris.jpg"},{"@type":"BreadcrumbList","@id":"https:\/\/www.the-eye-of-the-photographer.com\/#breadcrumb","itemListElement":[{"@type":"ListItem","position":1,"name":"Accueil","item":"https:\/\/www.the-eye-of-the-photographer.com\/"},{"@type":"ListItem","position":2,"name":"Accueil"}]},{"@type":"WebSite","@id":"https:\/\/www.the-eye-of-the-photographer.com\/#website","url":"https:\/\/www.the-eye-of-the-photographer.com\/","name":"The eye of the photographer","description":"Photographies et vid\u00e9os d&#039;art","potentialAction":[{"@type":"SearchAction","target":{"@type":"EntryPoint","urlTemplate":"https:\/\/www.the-eye-of-the-photographer.com\/?s={search_term_string}"},"query-input":{"@type":"PropertyValueSpecification","valueRequired":true,"valueName":"search_term_string"}}],"inLanguage":"en-US"},{"@type":"ImageObject","inLanguage":"en-US","@id":"https:\/\/www.the-eye-of-the-photographer.com\/#local-main-organization-logo","url":"","contentUrl":"","caption":"The eye of the photographer"}]}},"jetpack_sharing_enabled":true,"jetpack_shortlink":"https:\/\/wp.me\/P9wpDF-7","jetpack_likes_enabled":true,"jetpack-related-posts":[],"_links":{"self":[{"href":"https:\/\/www.the-eye-of-the-photographer.com\/en\/wp-json\/wp\/v2\/pages\/7","targetHints":{"allow":["GET"]}}],"collection":[{"href":"https:\/\/www.the-eye-of-the-photographer.com\/en\/wp-json\/wp\/v2\/pages"}],"about":[{"href":"https:\/\/www.the-eye-of-the-photographer.com\/en\/wp-json\/wp\/v2\/types\/page"}],"author":[{"embeddable":true,"href":"https:\/\/www.the-eye-of-the-photographer.com\/en\/wp-json\/wp\/v2\/users\/1"}],"replies":[{"embeddable":true,"href":"https:\/\/www.the-eye-of-the-photographer.com\/en\/wp-json\/wp\/v2\/comments?post=7"}],"version-history":[{"count":33,"href":"https:\/\/www.the-eye-of-the-photographer.com\/en\/wp-json\/wp\/v2\/pages\/7\/revisions"}],"predecessor-version":[{"id":3328,"href":"https:\/\/www.the-eye-of-the-photographer.com\/en\/wp-json\/wp\/v2\/pages\/7\/revisions\/3328"}],"wp:attachment":[{"href":"https:\/\/www.the-eye-of-the-photographer.com\/en\/wp-json\/wp\/v2\/media?parent=7"}],"curies":[{"name":"wp","href":"https:\/\/api.w.org\/{rel}","templated":true}]}}