{"id":48,"date":"2017-09-01T16:49:57","date_gmt":"2017-09-01T14:49:57","guid":{"rendered":"http:\/\/www.the-eye-of-the-photographer.com\/?page_id=48"},"modified":"2023-10-30T12:07:54","modified_gmt":"2023-10-30T11:07:54","slug":"acces-modeles-clients","status":"publish","type":"page","link":"https:\/\/www.the-eye-of-the-photographer.com\/en\/acces-modeles-clients\/","title":{"rendered":"Acc\u00e8s mod\u00e8les\/clients"},"content":{"rendered":"<div id=\"dslc-theme-content\"><div id=\"dslc-theme-content-inner\"><p><span id=\"p710\">Cette zone est r\u00e9serv\u00e9e aux mod\u00e8les ou aux clients qui posent pour moi.<\/span><span id=\"p711\"> Elle n\u2019est accessible que gr\u00e2ce \u00e0 un code que je vous donnerai apr\u00e8s un premier contact s\u00e9rieux.<\/span><\/p>\n<p><span id=\"p712\">Vous trouverez ici un certain nombre de d\u00e9finitions, d\u2019exemples, de guide pour les shootings.<\/span><span id=\"p713\"> Que ce soit des conseils de pose, de maquillage, des id\u00e9es de th\u00e8me ou de sujet il y a beaucoup d\u2019information ici pour vous aider <span id=\"723\" class=\"s-rg\">\u00e0<\/span> choisir ce que vous voulez comme type de photo, \u00e0 pr\u00e9parer le shooting.<\/span><span id=\"p714\"> Aucune obligation de les consulter, mais d\u2019exp\u00e9rience, c\u2019est un vrai plus pour que la s\u00e9ance se passe le mieux possible et soit une r\u00e9ussite.<\/span><\/p>\n<p><span id=\"p715\"> <\/span><br \/>\n<span id=\"p716\">Attention, je pr\u00e9f\u00e8re vous pr\u00e9venir qu\u2019en consultant cette rubrique vous risquez d\u2019avoir envie de faire plus que ce qu\u2019il est possible de faire en une s\u00e9ance. Et donc de vouloir en refaire encore et encore ...<br \/>\n<\/span><\/p>\n<p><span id=\"p726\"> <\/span><br \/>\n<span id=\"p727\">Pour information, je ne mets pas ici, pour l\u2019instant, les r\u00e9sultats temporaires ou finalis\u00e9s des shootings.<\/span><span id=\"p728\"> Dans l\u2019optique d\u2019augmenter la s\u00e9curit\u00e9, j\u2019utilise pour cela d\u2019autres services.<\/span><br \/>\n<span id=\"p729\"><\/span><\/p>\n<p><span id=\"p729\">Enfin, je demande aux mod\u00e8les de ne pas partager les id\u00e9es de shootings, les visuels et autres documents qui se trouvent ici.<\/span><span id=\"p730\"> <\/span><br \/>\n<span id=\"p731\">Merci d\u2019avance<\/span><\/p>\n<\/div><\/div>","protected":false},"excerpt":{"rendered":"<p>Cette zone est r\u00e9serv\u00e9e aux mod\u00e8les ou aux clients qui posent pour moi. Elle n\u2019est accessible que gr\u00e2ce \u00e0 un code que je vous donnerai apr\u00e8s un premier contact s\u00e9rieux. Vous trouverez ici un certain nombre de d\u00e9finitions, d\u2019exemples, de &hellip; <a href=\"https:\/\/www.the-eye-of-the-photographer.com\/en\/acces-modeles-clients\/\">Continued<\/a><\/p>\n","protected":false},"author":1,"featured_media":0,"parent":0,"menu_order":0,"comment_status":"closed","ping_status":"closed","template":"","meta":{"sfsi_plus_gutenberg_text_before_share":"","sfsi_plus_gutenberg_show_text_before_share":"","sfsi_plus_gutenberg_icon_type":"","sfsi_plus_gutenberg_icon_alignemt":"","sfsi_plus_gutenburg_max_per_row":"","kt_blocks_editor_width":"","jetpack_post_was_ever_published":false,"footnotes":""},"class_list":["post-48","page","type-page","status-publish","hentry"],"yoast_head":"<!-- This site is optimized with the Yoast SEO plugin v26.8 - https:\/\/yoast.com\/product\/yoast-seo-wordpress\/ -->\n<title>(Fran\u00e7ais) acc\u00e8s mod\u00e8les\/clients<\/title>\n<meta name=\"description\" content=\"(Fran\u00e7ais) Vous trouverez ici l&#039;acc\u00e8s r\u00e9serv\u00e9 aux mod\u00e8les\/clients. Prochaine id\u00e9e et th\u00e8me de shooting. Guide et conseil de pose et autres...\" \/>\n<meta name=\"robots\" content=\"index, follow, max-snippet:-1, max-image-preview:large, max-video-preview:-1\" \/>\n<link rel=\"canonical\" href=\"https:\/\/www.the-eye-of-the-photographer.com\/acces-modeles-clients\/\" \/>\n<meta property=\"og:locale\" content=\"en_US\" \/>\n<meta property=\"og:type\" content=\"article\" \/>\n<meta property=\"og:title\" content=\"[:fr]acc\u00e8s mod\u00e8les\/clients[:]\" \/>\n<meta property=\"og:description\" content=\"{:fr}Vous trouverez ici l&#039;acc\u00e8s r\u00e9serv\u00e9 aux mod\u00e8les\/clients. Prochaine id\u00e9e et th\u00e8me de shooting. Guide et conseil de pose et autres...{:}\" \/>\n<meta property=\"og:url\" content=\"https:\/\/www.the-eye-of-the-photographer.com\/acces-modeles-clients\/\" \/>\n<meta property=\"og:site_name\" content=\"The eye of the photographer\" \/>\n<meta property=\"article:modified_time\" content=\"2023-10-30T11:07:54+00:00\" \/>\n<meta name=\"twitter:card\" content=\"summary_large_image\" \/>\n<meta name=\"twitter:label1\" content=\"Est. reading time\" \/>\n\t<meta name=\"twitter:data1\" content=\"1 minute\" \/>\n<script type=\"application\/ld+json\" class=\"yoast-schema-graph\">{\"@context\":\"https:\/\/schema.org\",\"@graph\":[{\"@type\":\"WebPage\",\"@id\":\"https:\/\/www.the-eye-of-the-photographer.com\/acces-modeles-clients\/\",\"url\":\"https:\/\/www.the-eye-of-the-photographer.com\/acces-modeles-clients\/\",\"name\":\"[:fr]acc\u00e8s mod\u00e8les\/clients[:]\",\"isPartOf\":{\"@id\":\"https:\/\/www.the-eye-of-the-photographer.com\/#website\"},\"datePublished\":\"2017-09-01T14:49:57+00:00\",\"dateModified\":\"2023-10-30T11:07:54+00:00\",\"description\":\"{:fr}Vous trouverez ici l'acc\u00e8s r\u00e9serv\u00e9 aux mod\u00e8les\/clients. Prochaine id\u00e9e et th\u00e8me de shooting. Guide et conseil de pose et autres...{:}\",\"breadcrumb\":{\"@id\":\"https:\/\/www.the-eye-of-the-photographer.com\/acces-modeles-clients\/#breadcrumb\"},\"inLanguage\":\"en-US\",\"potentialAction\":[{\"@type\":\"ReadAction\",\"target\":[\"https:\/\/www.the-eye-of-the-photographer.com\/acces-modeles-clients\/\"]}]},{\"@type\":\"BreadcrumbList\",\"@id\":\"https:\/\/www.the-eye-of-the-photographer.com\/acces-modeles-clients\/#breadcrumb\",\"itemListElement\":[{\"@type\":\"ListItem\",\"position\":1,\"name\":\"Accueil\",\"item\":\"https:\/\/www.the-eye-of-the-photographer.com\/\"},{\"@type\":\"ListItem\",\"position\":2,\"name\":\"Acc\u00e8s mod\u00e8les\/clients\"}]},{\"@type\":\"WebSite\",\"@id\":\"https:\/\/www.the-eye-of-the-photographer.com\/#website\",\"url\":\"https:\/\/www.the-eye-of-the-photographer.com\/\",\"name\":\"The eye of the photographer\",\"description\":\"Photographies et vid\u00e9os d&#039;art\",\"potentialAction\":[{\"@type\":\"SearchAction\",\"target\":{\"@type\":\"EntryPoint\",\"urlTemplate\":\"https:\/\/www.the-eye-of-the-photographer.com\/?s={search_term_string}\"},\"query-input\":{\"@type\":\"PropertyValueSpecification\",\"valueRequired\":true,\"valueName\":\"search_term_string\"}}],\"inLanguage\":\"en-US\"},{\"@type\":\"ImageObject\",\"inLanguage\":\"en-US\",\"@id\":\"https:\/\/www.the-eye-of-the-photographer.com\/acces-modeles-clients\/#local-main-organization-logo\",\"url\":\"\",\"contentUrl\":\"\",\"caption\":\"The eye of the photographer\"}]}<\/script>\n<!-- \/ Yoast SEO plugin. -->","yoast_head_json":{"title":"(Fran\u00e7ais) acc\u00e8s mod\u00e8les\/clients","description":"(Fran\u00e7ais) Vous trouverez ici l'acc\u00e8s r\u00e9serv\u00e9 aux mod\u00e8les\/clients. Prochaine id\u00e9e et th\u00e8me de shooting. Guide et conseil de pose et autres...","robots":{"index":"index","follow":"follow","max-snippet":"max-snippet:-1","max-image-preview":"max-image-preview:large","max-video-preview":"max-video-preview:-1"},"canonical":"https:\/\/www.the-eye-of-the-photographer.com\/acces-modeles-clients\/","og_locale":"en_US","og_type":"article","og_title":"[:fr]acc\u00e8s mod\u00e8les\/clients[:]","og_description":"{:fr}Vous trouverez ici l'acc\u00e8s r\u00e9serv\u00e9 aux mod\u00e8les\/clients. Prochaine id\u00e9e et th\u00e8me de shooting. Guide et conseil de pose et autres...{:}","og_url":"https:\/\/www.the-eye-of-the-photographer.com\/acces-modeles-clients\/","og_site_name":"The eye of the photographer","article_modified_time":"2023-10-30T11:07:54+00:00","twitter_card":"summary_large_image","twitter_misc":{"Est. reading time":"1 minute"},"schema":{"@context":"https:\/\/schema.org","@graph":[{"@type":"WebPage","@id":"https:\/\/www.the-eye-of-the-photographer.com\/acces-modeles-clients\/","url":"https:\/\/www.the-eye-of-the-photographer.com\/acces-modeles-clients\/","name":"[:fr]acc\u00e8s mod\u00e8les\/clients[:]","isPartOf":{"@id":"https:\/\/www.the-eye-of-the-photographer.com\/#website"},"datePublished":"2017-09-01T14:49:57+00:00","dateModified":"2023-10-30T11:07:54+00:00","description":"{:fr}Vous trouverez ici l'acc\u00e8s r\u00e9serv\u00e9 aux mod\u00e8les\/clients. Prochaine id\u00e9e et th\u00e8me de shooting. Guide et conseil de pose et autres...{:}","breadcrumb":{"@id":"https:\/\/www.the-eye-of-the-photographer.com\/acces-modeles-clients\/#breadcrumb"},"inLanguage":"en-US","potentialAction":[{"@type":"ReadAction","target":["https:\/\/www.the-eye-of-the-photographer.com\/acces-modeles-clients\/"]}]},{"@type":"BreadcrumbList","@id":"https:\/\/www.the-eye-of-the-photographer.com\/acces-modeles-clients\/#breadcrumb","itemListElement":[{"@type":"ListItem","position":1,"name":"Accueil","item":"https:\/\/www.the-eye-of-the-photographer.com\/"},{"@type":"ListItem","position":2,"name":"Acc\u00e8s mod\u00e8les\/clients"}]},{"@type":"WebSite","@id":"https:\/\/www.the-eye-of-the-photographer.com\/#website","url":"https:\/\/www.the-eye-of-the-photographer.com\/","name":"The eye of the photographer","description":"Photographies et vid\u00e9os d&#039;art","potentialAction":[{"@type":"SearchAction","target":{"@type":"EntryPoint","urlTemplate":"https:\/\/www.the-eye-of-the-photographer.com\/?s={search_term_string}"},"query-input":{"@type":"PropertyValueSpecification","valueRequired":true,"valueName":"search_term_string"}}],"inLanguage":"en-US"},{"@type":"ImageObject","inLanguage":"en-US","@id":"https:\/\/www.the-eye-of-the-photographer.com\/acces-modeles-clients\/#local-main-organization-logo","url":"","contentUrl":"","caption":"The eye of the photographer"}]}},"jetpack_sharing_enabled":true,"jetpack_shortlink":"https:\/\/wp.me\/P9wpDF-M","jetpack_likes_enabled":true,"jetpack-related-posts":[{"id":2888,"url":"https:\/\/www.the-eye-of-the-photographer.com\/en\/comment-poser-nu\/","url_meta":{"origin":48,"position":0},"title":"Comment poser nu pour moi","author":"Stef040280","date":"Monday October 30th, 2023","format":false,"excerpt":"Sorry, this entry is only available in Fran\u00e7ais.","rel":"","context":"Similar post","block_context":{"text":"Similar post","link":""},"img":{"alt_text":"","src":"","width":0,"height":0},"classes":[]},{"id":2913,"url":"https:\/\/www.the-eye-of-the-photographer.com\/en\/phototherapie\/","url_meta":{"origin":48,"position":1},"title":"(Fran\u00e7ais) Phototh\u00e9rapie","author":"Stef040280","date":"Monday October 30th, 2023","format":false,"excerpt":"La phototh\u00e9rapie, un sujet complexe : Soyons clair, la phototh\u00e9rapie n\u2019existe pas en tant que th\u00e9rapie. Une th\u00e9rapie rel\u00e8ve du domaine m\u00e9dical et aucun des photographes qui se targuent de faire de la phototh\u00e9rapie n\u2019est m\u00e9decin. Cela peut vous sembler p\u00e9remptoire, mais en tant qu'hypnoth\u00e9rapeute et Coach mental, je sais\u2026","rel":"","context":"Similar post","block_context":{"text":"Similar post","link":""},"img":{"alt_text":"photo d'appareil \u00e0 phototh\u00e9rapie","src":"https:\/\/i0.wp.com\/www.the-eye-of-the-photographer.com\/wp-content\/uploads\/2023\/10\/pexels-mufid-majnun-dispositif-medical-phototherapie-scaled.jpg?resize=350%2C200","width":350,"height":200,"srcset":"https:\/\/i0.wp.com\/www.the-eye-of-the-photographer.com\/wp-content\/uploads\/2023\/10\/pexels-mufid-majnun-dispositif-medical-phototherapie-scaled.jpg?resize=350%2C200 1x, https:\/\/i0.wp.com\/www.the-eye-of-the-photographer.com\/wp-content\/uploads\/2023\/10\/pexels-mufid-majnun-dispositif-medical-phototherapie-scaled.jpg?resize=525%2C300 1.5x, https:\/\/i0.wp.com\/www.the-eye-of-the-photographer.com\/wp-content\/uploads\/2023\/10\/pexels-mufid-majnun-dispositif-medical-phototherapie-scaled.jpg?resize=700%2C400 2x, https:\/\/i0.wp.com\/www.the-eye-of-the-photographer.com\/wp-content\/uploads\/2023\/10\/pexels-mufid-majnun-dispositif-medical-phototherapie-scaled.jpg?resize=1050%2C600 3x, https:\/\/i0.wp.com\/www.the-eye-of-the-photographer.com\/wp-content\/uploads\/2023\/10\/pexels-mufid-majnun-dispositif-medical-phototherapie-scaled.jpg?resize=1400%2C800 4x"},"classes":[]},{"id":2900,"url":"https:\/\/www.the-eye-of-the-photographer.com\/en\/studio-et-materiel-photo\/","url_meta":{"origin":48,"position":2},"title":"(Fran\u00e7ais) Le studio et le mat\u00e9riel photo","author":"Stef040280","date":"Monday October 30th, 2023","format":false,"excerpt":"Sorry, this entry is only available in Fran\u00e7ais.","rel":"","context":"Similar post","block_context":{"text":"Similar post","link":""},"img":{"alt_text":"photo pexels-harry-cunningham d'un studio pro","src":"https:\/\/i0.wp.com\/www.the-eye-of-the-photographer.com\/wp-content\/uploads\/2023\/10\/pexels-harry-cunningham-harrydigital-Studio-scaled.jpg?resize=350%2C200","width":350,"height":200,"srcset":"https:\/\/i0.wp.com\/www.the-eye-of-the-photographer.com\/wp-content\/uploads\/2023\/10\/pexels-harry-cunningham-harrydigital-Studio-scaled.jpg?resize=350%2C200 1x, https:\/\/i0.wp.com\/www.the-eye-of-the-photographer.com\/wp-content\/uploads\/2023\/10\/pexels-harry-cunningham-harrydigital-Studio-scaled.jpg?resize=525%2C300 1.5x, https:\/\/i0.wp.com\/www.the-eye-of-the-photographer.com\/wp-content\/uploads\/2023\/10\/pexels-harry-cunningham-harrydigital-Studio-scaled.jpg?resize=700%2C400 2x, https:\/\/i0.wp.com\/www.the-eye-of-the-photographer.com\/wp-content\/uploads\/2023\/10\/pexels-harry-cunningham-harrydigital-Studio-scaled.jpg?resize=1050%2C600 3x, https:\/\/i0.wp.com\/www.the-eye-of-the-photographer.com\/wp-content\/uploads\/2023\/10\/pexels-harry-cunningham-harrydigital-Studio-scaled.jpg?resize=1400%2C800 4x"},"classes":[]},{"id":2915,"url":"https:\/\/www.the-eye-of-the-photographer.com\/en\/la-remuneration-des-modeles\/","url_meta":{"origin":48,"position":3},"title":"(Fran\u00e7ais) La r\u00e9mun\u00e9ration des mod\u00e8les","author":"Stef040280","date":"Monday October 30th, 2023","format":false,"excerpt":"Sorry, this entry is only available in Fran\u00e7ais.","rel":"","context":"Similar post","block_context":{"text":"Similar post","link":""},"img":{"alt_text":"image d'un paiement au black","src":"https:\/\/i0.wp.com\/www.the-eye-of-the-photographer.com\/wp-content\/uploads\/2023\/10\/pexels-karolina-grabowska-argent-scaled.jpg?resize=350%2C200","width":350,"height":200,"srcset":"https:\/\/i0.wp.com\/www.the-eye-of-the-photographer.com\/wp-content\/uploads\/2023\/10\/pexels-karolina-grabowska-argent-scaled.jpg?resize=350%2C200 1x, https:\/\/i0.wp.com\/www.the-eye-of-the-photographer.com\/wp-content\/uploads\/2023\/10\/pexels-karolina-grabowska-argent-scaled.jpg?resize=525%2C300 1.5x, https:\/\/i0.wp.com\/www.the-eye-of-the-photographer.com\/wp-content\/uploads\/2023\/10\/pexels-karolina-grabowska-argent-scaled.jpg?resize=700%2C400 2x, https:\/\/i0.wp.com\/www.the-eye-of-the-photographer.com\/wp-content\/uploads\/2023\/10\/pexels-karolina-grabowska-argent-scaled.jpg?resize=1050%2C600 3x, https:\/\/i0.wp.com\/www.the-eye-of-the-photographer.com\/wp-content\/uploads\/2023\/10\/pexels-karolina-grabowska-argent-scaled.jpg?resize=1400%2C800 4x"},"classes":[]},{"id":11,"url":"https:\/\/www.the-eye-of-the-photographer.com\/en\/a-propos-the-eye-of-the-photographer\/","url_meta":{"origin":48,"position":4},"title":"\u00c0 propos","author":"Stef040280","date":"Friday September  1st, 2017","format":false,"excerpt":"The story behind The Eye Of The Photographer My name is St\u00e9phane and I live in Paris. I have been passionate about photography for more than 23 years. I discovered this art after having pushed the door of a bookstore specialized in Photo books. This one was located near my\u2026","rel":"","context":"Similar post","block_context":{"text":"Similar post","link":""},"img":{"alt_text":"Mon portrait par RG Photos","src":"https:\/\/i0.wp.com\/www.the-eye-of-the-photographer.com\/wp-content\/uploads\/2017\/12\/photo-pr%C3%A9sentation-200x300.jpg?resize=350%2C200","width":350,"height":200},"classes":[]},{"id":2906,"url":"https:\/\/www.the-eye-of-the-photographer.com\/en\/differents-styles-photo-nu\/","url_meta":{"origin":48,"position":5},"title":"(Fran\u00e7ais) Les diff\u00e9rents styles de photo de nu","author":"Stef040280","date":"Monday October 30th, 2023","format":false,"excerpt":"Sorry, this entry is only available in Fran\u00e7ais.","rel":"","context":"Similar post","block_context":{"text":"Similar post","link":""},"img":{"alt_text":"","src":"https:\/\/i0.wp.com\/www.the-eye-of-the-photographer.com\/wp-content\/uploads\/2020\/02\/duo-lingerie-blanche-web.jpg?resize=350%2C200&ssl=1","width":350,"height":200,"srcset":"https:\/\/i0.wp.com\/www.the-eye-of-the-photographer.com\/wp-content\/uploads\/2020\/02\/duo-lingerie-blanche-web.jpg?resize=350%2C200&ssl=1 1x, https:\/\/i0.wp.com\/www.the-eye-of-the-photographer.com\/wp-content\/uploads\/2020\/02\/duo-lingerie-blanche-web.jpg?resize=525%2C300&ssl=1 1.5x, https:\/\/i0.wp.com\/www.the-eye-of-the-photographer.com\/wp-content\/uploads\/2020\/02\/duo-lingerie-blanche-web.jpg?resize=700%2C400&ssl=1 2x, https:\/\/i0.wp.com\/www.the-eye-of-the-photographer.com\/wp-content\/uploads\/2020\/02\/duo-lingerie-blanche-web.jpg?resize=1050%2C600&ssl=1 3x"},"classes":[]}],"_links":{"self":[{"href":"https:\/\/www.the-eye-of-the-photographer.com\/en\/wp-json\/wp\/v2\/pages\/48","targetHints":{"allow":["GET"]}}],"collection":[{"href":"https:\/\/www.the-eye-of-the-photographer.com\/en\/wp-json\/wp\/v2\/pages"}],"about":[{"href":"https:\/\/www.the-eye-of-the-photographer.com\/en\/wp-json\/wp\/v2\/types\/page"}],"author":[{"embeddable":true,"href":"https:\/\/www.the-eye-of-the-photographer.com\/en\/wp-json\/wp\/v2\/users\/1"}],"replies":[{"embeddable":true,"href":"https:\/\/www.the-eye-of-the-photographer.com\/en\/wp-json\/wp\/v2\/comments?post=48"}],"version-history":[{"count":6,"href":"https:\/\/www.the-eye-of-the-photographer.com\/en\/wp-json\/wp\/v2\/pages\/48\/revisions"}],"predecessor-version":[{"id":3028,"href":"https:\/\/www.the-eye-of-the-photographer.com\/en\/wp-json\/wp\/v2\/pages\/48\/revisions\/3028"}],"wp:attachment":[{"href":"https:\/\/www.the-eye-of-the-photographer.com\/en\/wp-json\/wp\/v2\/media?parent=48"}],"curies":[{"name":"wp","href":"https:\/\/api.w.org\/{rel}","templated":true}]}}