{"id":2915,"date":"2023-10-30T16:36:46","date_gmt":"2023-10-30T15:36:46","guid":{"rendered":"https:\/\/www.the-eye-of-the-photographer.com\/?page_id=2915"},"modified":"2023-11-06T15:29:07","modified_gmt":"2023-11-06T14:29:07","slug":"la-remuneration-des-modeles","status":"publish","type":"page","link":"https:\/\/www.the-eye-of-the-photographer.com\/en\/la-remuneration-des-modeles\/","title":{"rendered":"(Fran\u00e7ais) La r\u00e9mun\u00e9ration des mod\u00e8les"},"content":{"rendered":"<div id=\"dslc-theme-content\"><div id=\"dslc-theme-content-inner\"><p class=\"qtranxs-available-languages-message qtranxs-available-languages-message-en\">Sorry, this entry is only available in <a href=\"https:\/\/www.the-eye-of-the-photographer.com\/fr\/wp-json\/wp\/v2\/pages\/2915\" class=\"qtranxs-available-language-link qtranxs-available-language-link-fr\" title=\"Fran\u00e7ais\">Fran\u00e7ais<\/a>.<\/p><\/div><\/div>","protected":false},"excerpt":{"rendered":"<p>Sorry, this entry is only available in Fran\u00e7ais.<\/p>\n","protected":false},"author":1,"featured_media":0,"parent":0,"menu_order":0,"comment_status":"closed","ping_status":"closed","template":"","meta":{"sfsi_plus_gutenberg_text_before_share":"","sfsi_plus_gutenberg_show_text_before_share":"","sfsi_plus_gutenberg_icon_type":"","sfsi_plus_gutenberg_icon_alignemt":"","sfsi_plus_gutenburg_max_per_row":"","kt_blocks_editor_width":"","jetpack_post_was_ever_published":false,"footnotes":""},"class_list":["post-2915","page","type-page","status-publish","hentry"],"yoast_head":"<!-- This site is optimized with the Yoast SEO plugin v26.8 - https:\/\/yoast.com\/product\/yoast-seo-wordpress\/ -->\n<title>(Fran\u00e7ais) la r\u00e9mun\u00e9ration des mod\u00e8les<\/title>\n<meta name=\"description\" content=\"(Fran\u00e7ais) Cet article couvre les probl\u00e8mes juridiques et fiscaux relatifs \u00e0 la r\u00e9mun\u00e9ration des mod\u00e8les qui doit rester dans la l\u00e9galit\u00e9\" \/>\n<meta name=\"robots\" content=\"index, follow, max-snippet:-1, max-image-preview:large, max-video-preview:-1\" \/>\n<link rel=\"canonical\" href=\"https:\/\/www.the-eye-of-the-photographer.com\/la-remuneration-des-modeles\/\" \/>\n<meta property=\"og:locale\" content=\"en_US\" \/>\n<meta property=\"og:type\" content=\"article\" \/>\n<meta property=\"og:title\" content=\"[:fr]la r\u00e9mun\u00e9ration des mod\u00e8les[:]\" \/>\n<meta property=\"og:description\" content=\"{:fr}Cet article couvre les probl\u00e8mes juridiques et fiscaux relatifs \u00e0 la r\u00e9mun\u00e9ration des mod\u00e8les qui doit rester dans la l\u00e9galit\u00e9{:}\" \/>\n<meta property=\"og:url\" content=\"https:\/\/www.the-eye-of-the-photographer.com\/la-remuneration-des-modeles\/\" \/>\n<meta property=\"og:site_name\" content=\"The eye of the photographer\" \/>\n<meta property=\"article:modified_time\" content=\"2023-11-06T14:29:07+00:00\" \/>\n<meta property=\"og:image\" content=\"https:\/\/www.the-eye-of-the-photographer.com\/wp-content\/uploads\/2023\/10\/pexels-karolina-grabowska-argent-683x1024.jpg\" \/>\n<meta name=\"twitter:card\" content=\"summary_large_image\" \/>\n<meta name=\"twitter:label1\" content=\"Est. reading time\" \/>\n\t<meta name=\"twitter:data1\" content=\"11 minutes\" \/>\n<script type=\"application\/ld+json\" class=\"yoast-schema-graph\">{\"@context\":\"https:\/\/schema.org\",\"@graph\":[{\"@type\":\"WebPage\",\"@id\":\"https:\/\/www.the-eye-of-the-photographer.com\/la-remuneration-des-modeles\/\",\"url\":\"https:\/\/www.the-eye-of-the-photographer.com\/la-remuneration-des-modeles\/\",\"name\":\"[:fr]la r\u00e9mun\u00e9ration des mod\u00e8les[:]\",\"isPartOf\":{\"@id\":\"https:\/\/www.the-eye-of-the-photographer.com\/#website\"},\"primaryImageOfPage\":{\"@id\":\"https:\/\/www.the-eye-of-the-photographer.com\/la-remuneration-des-modeles\/#primaryimage\"},\"image\":{\"@id\":\"https:\/\/www.the-eye-of-the-photographer.com\/la-remuneration-des-modeles\/#primaryimage\"},\"thumbnailUrl\":\"https:\/\/www.the-eye-of-the-photographer.com\/wp-content\/uploads\/2023\/10\/pexels-karolina-grabowska-argent-683x1024.jpg\",\"datePublished\":\"2023-10-30T15:36:46+00:00\",\"dateModified\":\"2023-11-06T14:29:07+00:00\",\"description\":\"{:fr}Cet article couvre les probl\u00e8mes juridiques et fiscaux relatifs \u00e0 la r\u00e9mun\u00e9ration des mod\u00e8les qui doit rester dans la l\u00e9galit\u00e9{:}\",\"breadcrumb\":{\"@id\":\"https:\/\/www.the-eye-of-the-photographer.com\/la-remuneration-des-modeles\/#breadcrumb\"},\"inLanguage\":\"en-US\",\"potentialAction\":[{\"@type\":\"ReadAction\",\"target\":[\"https:\/\/www.the-eye-of-the-photographer.com\/la-remuneration-des-modeles\/\"]}]},{\"@type\":\"ImageObject\",\"inLanguage\":\"en-US\",\"@id\":\"https:\/\/www.the-eye-of-the-photographer.com\/la-remuneration-des-modeles\/#primaryimage\",\"url\":\"https:\/\/www.the-eye-of-the-photographer.com\/wp-content\/uploads\/2023\/10\/pexels-karolina-grabowska-argent-683x1024.jpg\",\"contentUrl\":\"https:\/\/www.the-eye-of-the-photographer.com\/wp-content\/uploads\/2023\/10\/pexels-karolina-grabowska-argent-683x1024.jpg\"},{\"@type\":\"BreadcrumbList\",\"@id\":\"https:\/\/www.the-eye-of-the-photographer.com\/la-remuneration-des-modeles\/#breadcrumb\",\"itemListElement\":[{\"@type\":\"ListItem\",\"position\":1,\"name\":\"Accueil\",\"item\":\"https:\/\/www.the-eye-of-the-photographer.com\/\"},{\"@type\":\"ListItem\",\"position\":2,\"name\":\"La r\u00e9mun\u00e9ration des mod\u00e8les\"}]},{\"@type\":\"WebSite\",\"@id\":\"https:\/\/www.the-eye-of-the-photographer.com\/#website\",\"url\":\"https:\/\/www.the-eye-of-the-photographer.com\/\",\"name\":\"The eye of the photographer\",\"description\":\"Photographies et vid\u00e9os d&#039;art\",\"potentialAction\":[{\"@type\":\"SearchAction\",\"target\":{\"@type\":\"EntryPoint\",\"urlTemplate\":\"https:\/\/www.the-eye-of-the-photographer.com\/?s={search_term_string}\"},\"query-input\":{\"@type\":\"PropertyValueSpecification\",\"valueRequired\":true,\"valueName\":\"search_term_string\"}}],\"inLanguage\":\"en-US\"},{\"@type\":\"ImageObject\",\"inLanguage\":\"en-US\",\"@id\":\"https:\/\/www.the-eye-of-the-photographer.com\/la-remuneration-des-modeles\/#local-main-organization-logo\",\"url\":\"\",\"contentUrl\":\"\",\"caption\":\"The eye of the photographer\"}]}<\/script>\n<!-- \/ Yoast SEO plugin. -->","yoast_head_json":{"title":"(Fran\u00e7ais) la r\u00e9mun\u00e9ration des mod\u00e8les","description":"(Fran\u00e7ais) Cet article couvre les probl\u00e8mes juridiques et fiscaux relatifs \u00e0 la r\u00e9mun\u00e9ration des mod\u00e8les qui doit rester dans la l\u00e9galit\u00e9","robots":{"index":"index","follow":"follow","max-snippet":"max-snippet:-1","max-image-preview":"max-image-preview:large","max-video-preview":"max-video-preview:-1"},"canonical":"https:\/\/www.the-eye-of-the-photographer.com\/la-remuneration-des-modeles\/","og_locale":"en_US","og_type":"article","og_title":"[:fr]la r\u00e9mun\u00e9ration des mod\u00e8les[:]","og_description":"{:fr}Cet article couvre les probl\u00e8mes juridiques et fiscaux relatifs \u00e0 la r\u00e9mun\u00e9ration des mod\u00e8les qui doit rester dans la l\u00e9galit\u00e9{:}","og_url":"https:\/\/www.the-eye-of-the-photographer.com\/la-remuneration-des-modeles\/","og_site_name":"The eye of the photographer","article_modified_time":"2023-11-06T14:29:07+00:00","og_image":[{"url":"https:\/\/www.the-eye-of-the-photographer.com\/wp-content\/uploads\/2023\/10\/pexels-karolina-grabowska-argent-683x1024.jpg","type":"","width":"","height":""}],"twitter_card":"summary_large_image","twitter_misc":{"Est. reading time":"11 minutes"},"schema":{"@context":"https:\/\/schema.org","@graph":[{"@type":"WebPage","@id":"https:\/\/www.the-eye-of-the-photographer.com\/la-remuneration-des-modeles\/","url":"https:\/\/www.the-eye-of-the-photographer.com\/la-remuneration-des-modeles\/","name":"[:fr]la r\u00e9mun\u00e9ration des mod\u00e8les[:]","isPartOf":{"@id":"https:\/\/www.the-eye-of-the-photographer.com\/#website"},"primaryImageOfPage":{"@id":"https:\/\/www.the-eye-of-the-photographer.com\/la-remuneration-des-modeles\/#primaryimage"},"image":{"@id":"https:\/\/www.the-eye-of-the-photographer.com\/la-remuneration-des-modeles\/#primaryimage"},"thumbnailUrl":"https:\/\/www.the-eye-of-the-photographer.com\/wp-content\/uploads\/2023\/10\/pexels-karolina-grabowska-argent-683x1024.jpg","datePublished":"2023-10-30T15:36:46+00:00","dateModified":"2023-11-06T14:29:07+00:00","description":"{:fr}Cet article couvre les probl\u00e8mes juridiques et fiscaux relatifs \u00e0 la r\u00e9mun\u00e9ration des mod\u00e8les qui doit rester dans la l\u00e9galit\u00e9{:}","breadcrumb":{"@id":"https:\/\/www.the-eye-of-the-photographer.com\/la-remuneration-des-modeles\/#breadcrumb"},"inLanguage":"en-US","potentialAction":[{"@type":"ReadAction","target":["https:\/\/www.the-eye-of-the-photographer.com\/la-remuneration-des-modeles\/"]}]},{"@type":"ImageObject","inLanguage":"en-US","@id":"https:\/\/www.the-eye-of-the-photographer.com\/la-remuneration-des-modeles\/#primaryimage","url":"https:\/\/www.the-eye-of-the-photographer.com\/wp-content\/uploads\/2023\/10\/pexels-karolina-grabowska-argent-683x1024.jpg","contentUrl":"https:\/\/www.the-eye-of-the-photographer.com\/wp-content\/uploads\/2023\/10\/pexels-karolina-grabowska-argent-683x1024.jpg"},{"@type":"BreadcrumbList","@id":"https:\/\/www.the-eye-of-the-photographer.com\/la-remuneration-des-modeles\/#breadcrumb","itemListElement":[{"@type":"ListItem","position":1,"name":"Accueil","item":"https:\/\/www.the-eye-of-the-photographer.com\/"},{"@type":"ListItem","position":2,"name":"La r\u00e9mun\u00e9ration des mod\u00e8les"}]},{"@type":"WebSite","@id":"https:\/\/www.the-eye-of-the-photographer.com\/#website","url":"https:\/\/www.the-eye-of-the-photographer.com\/","name":"The eye of the photographer","description":"Photographies et vid\u00e9os d&#039;art","potentialAction":[{"@type":"SearchAction","target":{"@type":"EntryPoint","urlTemplate":"https:\/\/www.the-eye-of-the-photographer.com\/?s={search_term_string}"},"query-input":{"@type":"PropertyValueSpecification","valueRequired":true,"valueName":"search_term_string"}}],"inLanguage":"en-US"},{"@type":"ImageObject","inLanguage":"en-US","@id":"https:\/\/www.the-eye-of-the-photographer.com\/la-remuneration-des-modeles\/#local-main-organization-logo","url":"","contentUrl":"","caption":"The eye of the photographer"}]}},"jetpack_sharing_enabled":true,"jetpack_shortlink":"https:\/\/wp.me\/P9wpDF-L1","jetpack_likes_enabled":true,"jetpack-related-posts":[{"id":2888,"url":"https:\/\/www.the-eye-of-the-photographer.com\/en\/comment-poser-nu\/","url_meta":{"origin":2915,"position":0},"title":"Comment poser nu pour moi","author":"Stef040280","date":"Monday October 30th, 2023","format":false,"excerpt":"Sorry, this entry is only available in Fran\u00e7ais.","rel":"","context":"Similar post","block_context":{"text":"Similar post","link":""},"img":{"alt_text":"","src":"","width":0,"height":0},"classes":[]},{"id":48,"url":"https:\/\/www.the-eye-of-the-photographer.com\/en\/acces-modeles-clients\/","url_meta":{"origin":2915,"position":1},"title":"Acc\u00e8s mod\u00e8les\/clients","author":"Stef040280","date":"Friday September  1st, 2017","format":false,"excerpt":"Cette zone est r\u00e9serv\u00e9e aux mod\u00e8les ou aux clients qui posent pour moi. Elle n\u2019est accessible que gr\u00e2ce \u00e0 un code que je vous donnerai apr\u00e8s un premier contact s\u00e9rieux. Vous trouverez ici un certain nombre de d\u00e9finitions, d\u2019exemples, de guide pour les shootings. Que ce soit des conseils de\u2026","rel":"","context":"Similar post","block_context":{"text":"Similar post","link":""},"img":{"alt_text":"","src":"","width":0,"height":0},"classes":[]},{"id":2906,"url":"https:\/\/www.the-eye-of-the-photographer.com\/en\/differents-styles-photo-nu\/","url_meta":{"origin":2915,"position":2},"title":"(Fran\u00e7ais) Les diff\u00e9rents styles de photo de nu","author":"Stef040280","date":"Monday October 30th, 2023","format":false,"excerpt":"Sorry, this entry is only available in Fran\u00e7ais.","rel":"","context":"Similar post","block_context":{"text":"Similar post","link":""},"img":{"alt_text":"","src":"https:\/\/i0.wp.com\/www.the-eye-of-the-photographer.com\/wp-content\/uploads\/2020\/02\/duo-lingerie-blanche-web.jpg?resize=350%2C200&ssl=1","width":350,"height":200,"srcset":"https:\/\/i0.wp.com\/www.the-eye-of-the-photographer.com\/wp-content\/uploads\/2020\/02\/duo-lingerie-blanche-web.jpg?resize=350%2C200&ssl=1 1x, https:\/\/i0.wp.com\/www.the-eye-of-the-photographer.com\/wp-content\/uploads\/2020\/02\/duo-lingerie-blanche-web.jpg?resize=525%2C300&ssl=1 1.5x, https:\/\/i0.wp.com\/www.the-eye-of-the-photographer.com\/wp-content\/uploads\/2020\/02\/duo-lingerie-blanche-web.jpg?resize=700%2C400&ssl=1 2x, https:\/\/i0.wp.com\/www.the-eye-of-the-photographer.com\/wp-content\/uploads\/2020\/02\/duo-lingerie-blanche-web.jpg?resize=1050%2C600&ssl=1 3x"},"classes":[]},{"id":11,"url":"https:\/\/www.the-eye-of-the-photographer.com\/en\/a-propos-the-eye-of-the-photographer\/","url_meta":{"origin":2915,"position":3},"title":"\u00c0 propos","author":"Stef040280","date":"Friday September  1st, 2017","format":false,"excerpt":"The story behind The Eye Of The Photographer My name is St\u00e9phane and I live in Paris. I have been passionate about photography for more than 23 years. I discovered this art after having pushed the door of a bookstore specialized in Photo books. This one was located near my\u2026","rel":"","context":"Similar post","block_context":{"text":"Similar post","link":""},"img":{"alt_text":"Mon portrait par RG Photos","src":"https:\/\/i0.wp.com\/www.the-eye-of-the-photographer.com\/wp-content\/uploads\/2017\/12\/photo-pr%C3%A9sentation-200x300.jpg?resize=350%2C200","width":350,"height":200},"classes":[]},{"id":2900,"url":"https:\/\/www.the-eye-of-the-photographer.com\/en\/studio-et-materiel-photo\/","url_meta":{"origin":2915,"position":4},"title":"(Fran\u00e7ais) Le studio et le mat\u00e9riel photo","author":"Stef040280","date":"Monday October 30th, 2023","format":false,"excerpt":"Sorry, this entry is only available in Fran\u00e7ais.","rel":"","context":"Similar post","block_context":{"text":"Similar post","link":""},"img":{"alt_text":"photo pexels-harry-cunningham d'un studio pro","src":"https:\/\/i0.wp.com\/www.the-eye-of-the-photographer.com\/wp-content\/uploads\/2023\/10\/pexels-harry-cunningham-harrydigital-Studio-scaled.jpg?resize=350%2C200","width":350,"height":200,"srcset":"https:\/\/i0.wp.com\/www.the-eye-of-the-photographer.com\/wp-content\/uploads\/2023\/10\/pexels-harry-cunningham-harrydigital-Studio-scaled.jpg?resize=350%2C200 1x, https:\/\/i0.wp.com\/www.the-eye-of-the-photographer.com\/wp-content\/uploads\/2023\/10\/pexels-harry-cunningham-harrydigital-Studio-scaled.jpg?resize=525%2C300 1.5x, https:\/\/i0.wp.com\/www.the-eye-of-the-photographer.com\/wp-content\/uploads\/2023\/10\/pexels-harry-cunningham-harrydigital-Studio-scaled.jpg?resize=700%2C400 2x, https:\/\/i0.wp.com\/www.the-eye-of-the-photographer.com\/wp-content\/uploads\/2023\/10\/pexels-harry-cunningham-harrydigital-Studio-scaled.jpg?resize=1050%2C600 3x, https:\/\/i0.wp.com\/www.the-eye-of-the-photographer.com\/wp-content\/uploads\/2023\/10\/pexels-harry-cunningham-harrydigital-Studio-scaled.jpg?resize=1400%2C800 4x"},"classes":[]},{"id":31,"url":"https:\/\/www.the-eye-of-the-photographer.com\/en\/galeries\/avertissement\/nu-artistique\/poser-nu\/","url_meta":{"origin":2915,"position":5},"title":"Pourquoi poser nu ?","author":"Stef040280","date":"Saturday November  4th, 2017","format":false,"excerpt":"Sorry, this entry is only available in Fran\u00e7ais.","rel":"","context":"Similar post","block_context":{"text":"Similar post","link":""},"img":{"alt_text":"","src":"https:\/\/i0.wp.com\/www.the-eye-of-the-photographer.com\/wp-content\/uploads\/2023\/10\/zoom-vulgarite-blagues-potaches-et-corinne-masiero-nue-pluie-de-critiques-apres-les-cesar-.jpg?resize=350%2C200&ssl=1","width":350,"height":200,"srcset":"https:\/\/i0.wp.com\/www.the-eye-of-the-photographer.com\/wp-content\/uploads\/2023\/10\/zoom-vulgarite-blagues-potaches-et-corinne-masiero-nue-pluie-de-critiques-apres-les-cesar-.jpg?resize=350%2C200&ssl=1 1x, https:\/\/i0.wp.com\/www.the-eye-of-the-photographer.com\/wp-content\/uploads\/2023\/10\/zoom-vulgarite-blagues-potaches-et-corinne-masiero-nue-pluie-de-critiques-apres-les-cesar-.jpg?resize=525%2C300&ssl=1 1.5x, https:\/\/i0.wp.com\/www.the-eye-of-the-photographer.com\/wp-content\/uploads\/2023\/10\/zoom-vulgarite-blagues-potaches-et-corinne-masiero-nue-pluie-de-critiques-apres-les-cesar-.jpg?resize=700%2C400&ssl=1 2x, https:\/\/i0.wp.com\/www.the-eye-of-the-photographer.com\/wp-content\/uploads\/2023\/10\/zoom-vulgarite-blagues-potaches-et-corinne-masiero-nue-pluie-de-critiques-apres-les-cesar-.jpg?resize=1050%2C600&ssl=1 3x"},"classes":[]}],"_links":{"self":[{"href":"https:\/\/www.the-eye-of-the-photographer.com\/en\/wp-json\/wp\/v2\/pages\/2915","targetHints":{"allow":["GET"]}}],"collection":[{"href":"https:\/\/www.the-eye-of-the-photographer.com\/en\/wp-json\/wp\/v2\/pages"}],"about":[{"href":"https:\/\/www.the-eye-of-the-photographer.com\/en\/wp-json\/wp\/v2\/types\/page"}],"author":[{"embeddable":true,"href":"https:\/\/www.the-eye-of-the-photographer.com\/en\/wp-json\/wp\/v2\/users\/1"}],"replies":[{"embeddable":true,"href":"https:\/\/www.the-eye-of-the-photographer.com\/en\/wp-json\/wp\/v2\/comments?post=2915"}],"version-history":[{"count":16,"href":"https:\/\/www.the-eye-of-the-photographer.com\/en\/wp-json\/wp\/v2\/pages\/2915\/revisions"}],"predecessor-version":[{"id":3110,"href":"https:\/\/www.the-eye-of-the-photographer.com\/en\/wp-json\/wp\/v2\/pages\/2915\/revisions\/3110"}],"wp:attachment":[{"href":"https:\/\/www.the-eye-of-the-photographer.com\/en\/wp-json\/wp\/v2\/media?parent=2915"}],"curies":[{"name":"wp","href":"https:\/\/api.w.org\/{rel}","templated":true}]}}