{"id":2903,"date":"2023-10-30T16:33:21","date_gmt":"2023-10-30T15:33:21","guid":{"rendered":"https:\/\/www.the-eye-of-the-photographer.com\/?page_id=2903"},"modified":"2023-10-30T16:33:23","modified_gmt":"2023-10-30T15:33:23","slug":"achat-oeuvres-art","status":"publish","type":"page","link":"https:\/\/www.the-eye-of-the-photographer.com\/en\/achat-oeuvres-art\/","title":{"rendered":"(Fran\u00e7ais) Achat de mes \u0153uvres d\u2019art."},"content":{"rendered":"<div id=\"dslc-theme-content\"><div id=\"dslc-theme-content-inner\"><p class=\"qtranxs-available-languages-message qtranxs-available-languages-message-en\">Sorry, this entry is only available in <a href=\"https:\/\/www.the-eye-of-the-photographer.com\/fr\/wp-json\/wp\/v2\/pages\/2903\" class=\"qtranxs-available-language-link qtranxs-available-language-link-fr\" title=\"Fran\u00e7ais\">Fran\u00e7ais<\/a>.<\/p><\/div><\/div>","protected":false},"excerpt":{"rendered":"<p>Sorry, this entry is only available in Fran\u00e7ais.<\/p>\n","protected":false},"author":1,"featured_media":0,"parent":0,"menu_order":0,"comment_status":"closed","ping_status":"closed","template":"","meta":{"sfsi_plus_gutenberg_text_before_share":"","sfsi_plus_gutenberg_show_text_before_share":"","sfsi_plus_gutenberg_icon_type":"","sfsi_plus_gutenberg_icon_alignemt":"","sfsi_plus_gutenburg_max_per_row":"","kt_blocks_editor_width":"","jetpack_post_was_ever_published":false,"footnotes":""},"class_list":["post-2903","page","type-page","status-publish","hentry"],"yoast_head":"<!-- This site is optimized with the Yoast SEO plugin v26.8 - https:\/\/yoast.com\/product\/yoast-seo-wordpress\/ -->\n<title>(Fran\u00e7ais) Achat des mes \u0153uvres d\u2019art<\/title>\n<meta name=\"description\" content=\"(Fran\u00e7ais) Toutes les informations pour l&#039;impression et l&#039;achat des mes \u0153uvres d\u2019art. Comment passer commande, demandez les tarifs etc...\" \/>\n<meta name=\"robots\" content=\"index, follow, max-snippet:-1, max-image-preview:large, max-video-preview:-1\" \/>\n<link rel=\"canonical\" href=\"https:\/\/www.the-eye-of-the-photographer.com\/achat-oeuvres-art\/\" \/>\n<meta property=\"og:locale\" content=\"en_US\" \/>\n<meta property=\"og:type\" content=\"article\" \/>\n<meta property=\"og:title\" content=\"[:fr]Achat des mes \u0153uvres d\u2019art[:]\" \/>\n<meta property=\"og:description\" content=\"{:fr}Toutes les informations pour l&#039;impression et l&#039;achat des mes \u0153uvres d\u2019art. Comment passer commande, demandez les tarifs etc...{:}\" \/>\n<meta property=\"og:url\" content=\"https:\/\/www.the-eye-of-the-photographer.com\/achat-oeuvres-art\/\" \/>\n<meta property=\"og:site_name\" content=\"The eye of the photographer\" \/>\n<meta property=\"article:modified_time\" content=\"2023-10-30T15:33:23+00:00\" \/>\n<meta name=\"twitter:card\" content=\"summary_large_image\" \/>\n<meta name=\"twitter:label1\" content=\"Est. reading time\" \/>\n\t<meta name=\"twitter:data1\" content=\"2 minutes\" \/>\n<script type=\"application\/ld+json\" class=\"yoast-schema-graph\">{\"@context\":\"https:\/\/schema.org\",\"@graph\":[{\"@type\":\"WebPage\",\"@id\":\"https:\/\/www.the-eye-of-the-photographer.com\/achat-oeuvres-art\/\",\"url\":\"https:\/\/www.the-eye-of-the-photographer.com\/achat-oeuvres-art\/\",\"name\":\"[:fr]Achat des mes \u0153uvres d\u2019art[:]\",\"isPartOf\":{\"@id\":\"https:\/\/www.the-eye-of-the-photographer.com\/#website\"},\"datePublished\":\"2023-10-30T15:33:21+00:00\",\"dateModified\":\"2023-10-30T15:33:23+00:00\",\"description\":\"{:fr}Toutes les informations pour l'impression et l'achat des mes \u0153uvres d\u2019art. Comment passer commande, demandez les tarifs etc...{:}\",\"breadcrumb\":{\"@id\":\"https:\/\/www.the-eye-of-the-photographer.com\/achat-oeuvres-art\/#breadcrumb\"},\"inLanguage\":\"en-US\",\"potentialAction\":[{\"@type\":\"ReadAction\",\"target\":[\"https:\/\/www.the-eye-of-the-photographer.com\/achat-oeuvres-art\/\"]}]},{\"@type\":\"BreadcrumbList\",\"@id\":\"https:\/\/www.the-eye-of-the-photographer.com\/achat-oeuvres-art\/#breadcrumb\",\"itemListElement\":[{\"@type\":\"ListItem\",\"position\":1,\"name\":\"Accueil\",\"item\":\"https:\/\/www.the-eye-of-the-photographer.com\/\"},{\"@type\":\"ListItem\",\"position\":2,\"name\":\"Achat de mes \u0153uvres d\u2019art.\"}]},{\"@type\":\"WebSite\",\"@id\":\"https:\/\/www.the-eye-of-the-photographer.com\/#website\",\"url\":\"https:\/\/www.the-eye-of-the-photographer.com\/\",\"name\":\"The eye of the photographer\",\"description\":\"Photographies et vid\u00e9os d&#039;art\",\"potentialAction\":[{\"@type\":\"SearchAction\",\"target\":{\"@type\":\"EntryPoint\",\"urlTemplate\":\"https:\/\/www.the-eye-of-the-photographer.com\/?s={search_term_string}\"},\"query-input\":{\"@type\":\"PropertyValueSpecification\",\"valueRequired\":true,\"valueName\":\"search_term_string\"}}],\"inLanguage\":\"en-US\"},{\"@type\":\"ImageObject\",\"inLanguage\":\"en-US\",\"@id\":\"https:\/\/www.the-eye-of-the-photographer.com\/achat-oeuvres-art\/#local-main-organization-logo\",\"url\":\"\",\"contentUrl\":\"\",\"caption\":\"The eye of the photographer\"}]}<\/script>\n<!-- \/ Yoast SEO plugin. -->","yoast_head_json":{"title":"(Fran\u00e7ais) Achat des mes \u0153uvres d\u2019art","description":"(Fran\u00e7ais) Toutes les informations pour l'impression et l'achat des mes \u0153uvres d\u2019art. Comment passer commande, demandez les tarifs etc...","robots":{"index":"index","follow":"follow","max-snippet":"max-snippet:-1","max-image-preview":"max-image-preview:large","max-video-preview":"max-video-preview:-1"},"canonical":"https:\/\/www.the-eye-of-the-photographer.com\/achat-oeuvres-art\/","og_locale":"en_US","og_type":"article","og_title":"[:fr]Achat des mes \u0153uvres d\u2019art[:]","og_description":"{:fr}Toutes les informations pour l'impression et l'achat des mes \u0153uvres d\u2019art. Comment passer commande, demandez les tarifs etc...{:}","og_url":"https:\/\/www.the-eye-of-the-photographer.com\/achat-oeuvres-art\/","og_site_name":"The eye of the photographer","article_modified_time":"2023-10-30T15:33:23+00:00","twitter_card":"summary_large_image","twitter_misc":{"Est. reading time":"2 minutes"},"schema":{"@context":"https:\/\/schema.org","@graph":[{"@type":"WebPage","@id":"https:\/\/www.the-eye-of-the-photographer.com\/achat-oeuvres-art\/","url":"https:\/\/www.the-eye-of-the-photographer.com\/achat-oeuvres-art\/","name":"[:fr]Achat des mes \u0153uvres d\u2019art[:]","isPartOf":{"@id":"https:\/\/www.the-eye-of-the-photographer.com\/#website"},"datePublished":"2023-10-30T15:33:21+00:00","dateModified":"2023-10-30T15:33:23+00:00","description":"{:fr}Toutes les informations pour l'impression et l'achat des mes \u0153uvres d\u2019art. Comment passer commande, demandez les tarifs etc...{:}","breadcrumb":{"@id":"https:\/\/www.the-eye-of-the-photographer.com\/achat-oeuvres-art\/#breadcrumb"},"inLanguage":"en-US","potentialAction":[{"@type":"ReadAction","target":["https:\/\/www.the-eye-of-the-photographer.com\/achat-oeuvres-art\/"]}]},{"@type":"BreadcrumbList","@id":"https:\/\/www.the-eye-of-the-photographer.com\/achat-oeuvres-art\/#breadcrumb","itemListElement":[{"@type":"ListItem","position":1,"name":"Accueil","item":"https:\/\/www.the-eye-of-the-photographer.com\/"},{"@type":"ListItem","position":2,"name":"Achat de mes \u0153uvres d\u2019art."}]},{"@type":"WebSite","@id":"https:\/\/www.the-eye-of-the-photographer.com\/#website","url":"https:\/\/www.the-eye-of-the-photographer.com\/","name":"The eye of the photographer","description":"Photographies et vid\u00e9os d&#039;art","potentialAction":[{"@type":"SearchAction","target":{"@type":"EntryPoint","urlTemplate":"https:\/\/www.the-eye-of-the-photographer.com\/?s={search_term_string}"},"query-input":{"@type":"PropertyValueSpecification","valueRequired":true,"valueName":"search_term_string"}}],"inLanguage":"en-US"},{"@type":"ImageObject","inLanguage":"en-US","@id":"https:\/\/www.the-eye-of-the-photographer.com\/achat-oeuvres-art\/#local-main-organization-logo","url":"","contentUrl":"","caption":"The eye of the photographer"}]}},"jetpack_sharing_enabled":true,"jetpack_shortlink":"https:\/\/wp.me\/P9wpDF-KP","jetpack_likes_enabled":true,"jetpack-related-posts":[{"id":288,"url":"https:\/\/www.the-eye-of-the-photographer.com\/en\/galeries\/artisans-et-metiers-dart\/","url_meta":{"origin":2903,"position":0},"title":"Artisans et M\u00e9tiers d'Art","author":"Stef040280","date":"Saturday July  7th, 2018","format":false,"excerpt":"Sur cette page vous trouverez des artistes ou des artisans avec leurs \u0153uvres en plein processus cr\u00e9atifs. Je trouve fascinant de voir faire ces femmes et ces hommes \u00e0 la ma\u00eetrise technique \u00e9poustouflante. La concentration dans leur regard et leur cr\u00e9ativit\u00e9 ont un effet hypnotique qui m\u00e9ritait \u00e0 d\u00e9faut d'\u00eatre\u2026","rel":"","context":"Similar post","block_context":{"text":"Similar post","link":""},"img":{"alt_text":"","src":"https:\/\/i0.wp.com\/www.the-eye-of-the-photographer.com\/wp-content\/uploads\/2018\/07\/projet-statut-suite-003.jpg?resize=350%2C200","width":350,"height":200,"srcset":"https:\/\/i0.wp.com\/www.the-eye-of-the-photographer.com\/wp-content\/uploads\/2018\/07\/projet-statut-suite-003.jpg?resize=350%2C200 1x, https:\/\/i0.wp.com\/www.the-eye-of-the-photographer.com\/wp-content\/uploads\/2018\/07\/projet-statut-suite-003.jpg?resize=525%2C300 1.5x, https:\/\/i0.wp.com\/www.the-eye-of-the-photographer.com\/wp-content\/uploads\/2018\/07\/projet-statut-suite-003.jpg?resize=700%2C400 2x, https:\/\/i0.wp.com\/www.the-eye-of-the-photographer.com\/wp-content\/uploads\/2018\/07\/projet-statut-suite-003.jpg?resize=1050%2C600 3x, https:\/\/i0.wp.com\/www.the-eye-of-the-photographer.com\/wp-content\/uploads\/2018\/07\/projet-statut-suite-003.jpg?resize=1400%2C800 4x"},"classes":[]},{"id":2915,"url":"https:\/\/www.the-eye-of-the-photographer.com\/en\/la-remuneration-des-modeles\/","url_meta":{"origin":2903,"position":1},"title":"(Fran\u00e7ais) La r\u00e9mun\u00e9ration des mod\u00e8les","author":"Stef040280","date":"Monday October 30th, 2023","format":false,"excerpt":"Sorry, this entry is only available in Fran\u00e7ais.","rel":"","context":"Similar post","block_context":{"text":"Similar post","link":""},"img":{"alt_text":"image d'un paiement au black","src":"https:\/\/i0.wp.com\/www.the-eye-of-the-photographer.com\/wp-content\/uploads\/2023\/10\/pexels-karolina-grabowska-argent-scaled.jpg?resize=350%2C200","width":350,"height":200,"srcset":"https:\/\/i0.wp.com\/www.the-eye-of-the-photographer.com\/wp-content\/uploads\/2023\/10\/pexels-karolina-grabowska-argent-scaled.jpg?resize=350%2C200 1x, https:\/\/i0.wp.com\/www.the-eye-of-the-photographer.com\/wp-content\/uploads\/2023\/10\/pexels-karolina-grabowska-argent-scaled.jpg?resize=525%2C300 1.5x, https:\/\/i0.wp.com\/www.the-eye-of-the-photographer.com\/wp-content\/uploads\/2023\/10\/pexels-karolina-grabowska-argent-scaled.jpg?resize=700%2C400 2x, https:\/\/i0.wp.com\/www.the-eye-of-the-photographer.com\/wp-content\/uploads\/2023\/10\/pexels-karolina-grabowska-argent-scaled.jpg?resize=1050%2C600 3x, https:\/\/i0.wp.com\/www.the-eye-of-the-photographer.com\/wp-content\/uploads\/2023\/10\/pexels-karolina-grabowska-argent-scaled.jpg?resize=1400%2C800 4x"},"classes":[]},{"id":2906,"url":"https:\/\/www.the-eye-of-the-photographer.com\/en\/differents-styles-photo-nu\/","url_meta":{"origin":2903,"position":2},"title":"(Fran\u00e7ais) Les diff\u00e9rents styles de photo de nu","author":"Stef040280","date":"Monday October 30th, 2023","format":false,"excerpt":"Sorry, this entry is only available in Fran\u00e7ais.","rel":"","context":"Similar post","block_context":{"text":"Similar post","link":""},"img":{"alt_text":"","src":"https:\/\/i0.wp.com\/www.the-eye-of-the-photographer.com\/wp-content\/uploads\/2020\/02\/duo-lingerie-blanche-web.jpg?resize=350%2C200&ssl=1","width":350,"height":200,"srcset":"https:\/\/i0.wp.com\/www.the-eye-of-the-photographer.com\/wp-content\/uploads\/2020\/02\/duo-lingerie-blanche-web.jpg?resize=350%2C200&ssl=1 1x, https:\/\/i0.wp.com\/www.the-eye-of-the-photographer.com\/wp-content\/uploads\/2020\/02\/duo-lingerie-blanche-web.jpg?resize=525%2C300&ssl=1 1.5x, https:\/\/i0.wp.com\/www.the-eye-of-the-photographer.com\/wp-content\/uploads\/2020\/02\/duo-lingerie-blanche-web.jpg?resize=700%2C400&ssl=1 2x, https:\/\/i0.wp.com\/www.the-eye-of-the-photographer.com\/wp-content\/uploads\/2020\/02\/duo-lingerie-blanche-web.jpg?resize=1050%2C600&ssl=1 3x"},"classes":[]},{"id":16,"url":"https:\/\/www.the-eye-of-the-photographer.com\/en\/contact-tarifs\/","url_meta":{"origin":2903,"position":3},"title":"Contact et tarifs","author":"Stef040280","date":"Tuesday August 29th, 2017","format":false,"excerpt":"I am always happy to read what you send (whatever might be reason you are writing to me). Remember to specify the reason for your email, your first names, email and phone number. It will help me get back to you as soon as possible: You want to pose for\u2026","rel":"","context":"Similar post","block_context":{"text":"Similar post","link":""},"img":{"alt_text":"","src":"","width":0,"height":0},"classes":[]},{"id":2911,"url":"https:\/\/www.the-eye-of-the-photographer.com\/en\/histoire-du-nu\/","url_meta":{"origin":2903,"position":4},"title":"(Fran\u00e7ais) Histoire du nu","author":"Stef040280","date":"Monday October 30th, 2023","format":false,"excerpt":"Sorry, this entry is only available in Fran\u00e7ais.","rel":"","context":"Similar post","block_context":{"text":"Similar post","link":""},"img":{"alt_text":"","src":"https:\/\/i0.wp.com\/www.the-eye-of-the-photographer.com\/wp-content\/uploads\/2023\/10\/Statu-nu-masculin-antiquite-bronzes-phidias.jpg?resize=350%2C200&ssl=1","width":350,"height":200},"classes":[]},{"id":18,"url":"https:\/\/www.the-eye-of-the-photographer.com\/en\/galeries\/","url_meta":{"origin":2903,"position":5},"title":"Galeries","author":"Stef040280","date":"Saturday November  4th, 2017","format":false,"excerpt":"Vous voil\u00e0 dans la rubrique principale de ce site : les galeries photographiques de The Eye Of The Photographer. Vous trouverez donc ici un avant go\u00fbt de mon travail dans diff\u00e9rents domaines. J'ai bien sur un style de pr\u00e9dilection mais j'ai toujours trouv\u00e9 dommage de se limiter \u00e0 un style.\u2026","rel":"","context":"Similar post","block_context":{"text":"Similar post","link":""},"img":{"alt_text":"","src":"https:\/\/i0.wp.com\/www.the-eye-of-the-photographer.com\/wp-content\/uploads\/2018\/06\/portrait-assis-217x300.jpg?resize=350%2C200","width":350,"height":200},"classes":[]}],"_links":{"self":[{"href":"https:\/\/www.the-eye-of-the-photographer.com\/en\/wp-json\/wp\/v2\/pages\/2903","targetHints":{"allow":["GET"]}}],"collection":[{"href":"https:\/\/www.the-eye-of-the-photographer.com\/en\/wp-json\/wp\/v2\/pages"}],"about":[{"href":"https:\/\/www.the-eye-of-the-photographer.com\/en\/wp-json\/wp\/v2\/types\/page"}],"author":[{"embeddable":true,"href":"https:\/\/www.the-eye-of-the-photographer.com\/en\/wp-json\/wp\/v2\/users\/1"}],"replies":[{"embeddable":true,"href":"https:\/\/www.the-eye-of-the-photographer.com\/en\/wp-json\/wp\/v2\/comments?post=2903"}],"version-history":[{"count":3,"href":"https:\/\/www.the-eye-of-the-photographer.com\/en\/wp-json\/wp\/v2\/pages\/2903\/revisions"}],"predecessor-version":[{"id":3057,"href":"https:\/\/www.the-eye-of-the-photographer.com\/en\/wp-json\/wp\/v2\/pages\/2903\/revisions\/3057"}],"wp:attachment":[{"href":"https:\/\/www.the-eye-of-the-photographer.com\/en\/wp-json\/wp\/v2\/media?parent=2903"}],"curies":[{"name":"wp","href":"https:\/\/api.w.org\/{rel}","templated":true}]}}