{"id":2900,"date":"2023-10-30T16:37:28","date_gmt":"2023-10-30T15:37:28","guid":{"rendered":"https:\/\/www.the-eye-of-the-photographer.com\/?page_id=2900"},"modified":"2023-11-06T15:31:33","modified_gmt":"2023-11-06T14:31:33","slug":"studio-et-materiel-photo","status":"publish","type":"page","link":"https:\/\/www.the-eye-of-the-photographer.com\/en\/studio-et-materiel-photo\/","title":{"rendered":"(Fran\u00e7ais) Le studio et le mat\u00e9riel photo"},"content":{"rendered":"<div id=\"dslc-theme-content\"><div id=\"dslc-theme-content-inner\"><p class=\"qtranxs-available-languages-message qtranxs-available-languages-message-en\">Sorry, this entry is only available in <a href=\"https:\/\/www.the-eye-of-the-photographer.com\/fr\/wp-json\/wp\/v2\/pages\/2900\" class=\"qtranxs-available-language-link qtranxs-available-language-link-fr\" title=\"Fran\u00e7ais\">Fran\u00e7ais<\/a>.<\/p><\/div><\/div>","protected":false},"excerpt":{"rendered":"<p>Sorry, this entry is only available in Fran\u00e7ais.<\/p>\n","protected":false},"author":1,"featured_media":0,"parent":0,"menu_order":0,"comment_status":"closed","ping_status":"closed","template":"","meta":{"sfsi_plus_gutenberg_text_before_share":"","sfsi_plus_gutenberg_show_text_before_share":"","sfsi_plus_gutenberg_icon_type":"","sfsi_plus_gutenberg_icon_alignemt":"","sfsi_plus_gutenburg_max_per_row":"","kt_blocks_editor_width":"","jetpack_post_was_ever_published":false,"footnotes":""},"class_list":["post-2900","page","type-page","status-publish","hentry"],"yoast_head":"<!-- This site is optimized with the Yoast SEO plugin v26.8 - https:\/\/yoast.com\/product\/yoast-seo-wordpress\/ -->\n<title>(Fran\u00e7ais) Le studio et le mat\u00e9riel photo<\/title>\n<meta name=\"description\" content=\"(Fran\u00e7ais) Quelques informations sur le studio et le mat\u00e9riel photo que j&#039;utilise pour mes shootings de nu artistique ou autre.\" \/>\n<meta name=\"robots\" content=\"index, follow, max-snippet:-1, max-image-preview:large, max-video-preview:-1\" \/>\n<link rel=\"canonical\" href=\"https:\/\/www.the-eye-of-the-photographer.com\/studio-et-materiel-photo\/\" \/>\n<meta property=\"og:locale\" content=\"en_US\" \/>\n<meta property=\"og:type\" content=\"article\" \/>\n<meta property=\"og:title\" content=\"[:fr]Le studio et le mat\u00e9riel photo[:]\" \/>\n<meta property=\"og:description\" content=\"{:fr}Quelques informations sur le studio et le mat\u00e9riel photo que j&#039;utilise pour mes shootings de nu artistique ou autre.{:}\" \/>\n<meta property=\"og:url\" content=\"https:\/\/www.the-eye-of-the-photographer.com\/studio-et-materiel-photo\/\" \/>\n<meta property=\"og:site_name\" content=\"The eye of the photographer\" \/>\n<meta property=\"article:modified_time\" content=\"2023-11-06T14:31:33+00:00\" \/>\n<meta property=\"og:image\" content=\"https:\/\/www.the-eye-of-the-photographer.com\/wp-content\/uploads\/2023\/10\/pexels-harry-cunningham-harrydigital-Studio-1024x683.jpg\" \/>\n<meta name=\"twitter:card\" content=\"summary_large_image\" \/>\n<meta name=\"twitter:label1\" content=\"Est. reading time\" \/>\n\t<meta name=\"twitter:data1\" content=\"4 minutes\" \/>\n<script type=\"application\/ld+json\" class=\"yoast-schema-graph\">{\"@context\":\"https:\/\/schema.org\",\"@graph\":[{\"@type\":\"WebPage\",\"@id\":\"https:\/\/www.the-eye-of-the-photographer.com\/studio-et-materiel-photo\/\",\"url\":\"https:\/\/www.the-eye-of-the-photographer.com\/studio-et-materiel-photo\/\",\"name\":\"[:fr]Le studio et le mat\u00e9riel photo[:]\",\"isPartOf\":{\"@id\":\"https:\/\/www.the-eye-of-the-photographer.com\/#website\"},\"primaryImageOfPage\":{\"@id\":\"https:\/\/www.the-eye-of-the-photographer.com\/studio-et-materiel-photo\/#primaryimage\"},\"image\":{\"@id\":\"https:\/\/www.the-eye-of-the-photographer.com\/studio-et-materiel-photo\/#primaryimage\"},\"thumbnailUrl\":\"https:\/\/www.the-eye-of-the-photographer.com\/wp-content\/uploads\/2023\/10\/pexels-harry-cunningham-harrydigital-Studio-1024x683.jpg\",\"datePublished\":\"2023-10-30T15:37:28+00:00\",\"dateModified\":\"2023-11-06T14:31:33+00:00\",\"description\":\"{:fr}Quelques informations sur le studio et le mat\u00e9riel photo que j'utilise pour mes shootings de nu artistique ou autre.{:}\",\"breadcrumb\":{\"@id\":\"https:\/\/www.the-eye-of-the-photographer.com\/studio-et-materiel-photo\/#breadcrumb\"},\"inLanguage\":\"en-US\",\"potentialAction\":[{\"@type\":\"ReadAction\",\"target\":[\"https:\/\/www.the-eye-of-the-photographer.com\/studio-et-materiel-photo\/\"]}]},{\"@type\":\"ImageObject\",\"inLanguage\":\"en-US\",\"@id\":\"https:\/\/www.the-eye-of-the-photographer.com\/studio-et-materiel-photo\/#primaryimage\",\"url\":\"https:\/\/www.the-eye-of-the-photographer.com\/wp-content\/uploads\/2023\/10\/pexels-harry-cunningham-harrydigital-Studio-1024x683.jpg\",\"contentUrl\":\"https:\/\/www.the-eye-of-the-photographer.com\/wp-content\/uploads\/2023\/10\/pexels-harry-cunningham-harrydigital-Studio-1024x683.jpg\"},{\"@type\":\"BreadcrumbList\",\"@id\":\"https:\/\/www.the-eye-of-the-photographer.com\/studio-et-materiel-photo\/#breadcrumb\",\"itemListElement\":[{\"@type\":\"ListItem\",\"position\":1,\"name\":\"Accueil\",\"item\":\"https:\/\/www.the-eye-of-the-photographer.com\/\"},{\"@type\":\"ListItem\",\"position\":2,\"name\":\"Le studio et le mat\u00e9riel photo\"}]},{\"@type\":\"WebSite\",\"@id\":\"https:\/\/www.the-eye-of-the-photographer.com\/#website\",\"url\":\"https:\/\/www.the-eye-of-the-photographer.com\/\",\"name\":\"The eye of the photographer\",\"description\":\"Photographies et vid\u00e9os d&#039;art\",\"potentialAction\":[{\"@type\":\"SearchAction\",\"target\":{\"@type\":\"EntryPoint\",\"urlTemplate\":\"https:\/\/www.the-eye-of-the-photographer.com\/?s={search_term_string}\"},\"query-input\":{\"@type\":\"PropertyValueSpecification\",\"valueRequired\":true,\"valueName\":\"search_term_string\"}}],\"inLanguage\":\"en-US\"},{\"@type\":\"ImageObject\",\"inLanguage\":\"en-US\",\"@id\":\"https:\/\/www.the-eye-of-the-photographer.com\/studio-et-materiel-photo\/#local-main-organization-logo\",\"url\":\"\",\"contentUrl\":\"\",\"caption\":\"The eye of the photographer\"}]}<\/script>\n<!-- \/ Yoast SEO plugin. -->","yoast_head_json":{"title":"(Fran\u00e7ais) Le studio et le mat\u00e9riel photo","description":"(Fran\u00e7ais) Quelques informations sur le studio et le mat\u00e9riel photo que j'utilise pour mes shootings de nu artistique ou autre.","robots":{"index":"index","follow":"follow","max-snippet":"max-snippet:-1","max-image-preview":"max-image-preview:large","max-video-preview":"max-video-preview:-1"},"canonical":"https:\/\/www.the-eye-of-the-photographer.com\/studio-et-materiel-photo\/","og_locale":"en_US","og_type":"article","og_title":"[:fr]Le studio et le mat\u00e9riel photo[:]","og_description":"{:fr}Quelques informations sur le studio et le mat\u00e9riel photo que j'utilise pour mes shootings de nu artistique ou autre.{:}","og_url":"https:\/\/www.the-eye-of-the-photographer.com\/studio-et-materiel-photo\/","og_site_name":"The eye of the photographer","article_modified_time":"2023-11-06T14:31:33+00:00","og_image":[{"url":"https:\/\/www.the-eye-of-the-photographer.com\/wp-content\/uploads\/2023\/10\/pexels-harry-cunningham-harrydigital-Studio-1024x683.jpg","type":"","width":"","height":""}],"twitter_card":"summary_large_image","twitter_misc":{"Est. reading time":"4 minutes"},"schema":{"@context":"https:\/\/schema.org","@graph":[{"@type":"WebPage","@id":"https:\/\/www.the-eye-of-the-photographer.com\/studio-et-materiel-photo\/","url":"https:\/\/www.the-eye-of-the-photographer.com\/studio-et-materiel-photo\/","name":"[:fr]Le studio et le mat\u00e9riel photo[:]","isPartOf":{"@id":"https:\/\/www.the-eye-of-the-photographer.com\/#website"},"primaryImageOfPage":{"@id":"https:\/\/www.the-eye-of-the-photographer.com\/studio-et-materiel-photo\/#primaryimage"},"image":{"@id":"https:\/\/www.the-eye-of-the-photographer.com\/studio-et-materiel-photo\/#primaryimage"},"thumbnailUrl":"https:\/\/www.the-eye-of-the-photographer.com\/wp-content\/uploads\/2023\/10\/pexels-harry-cunningham-harrydigital-Studio-1024x683.jpg","datePublished":"2023-10-30T15:37:28+00:00","dateModified":"2023-11-06T14:31:33+00:00","description":"{:fr}Quelques informations sur le studio et le mat\u00e9riel photo que j'utilise pour mes shootings de nu artistique ou autre.{:}","breadcrumb":{"@id":"https:\/\/www.the-eye-of-the-photographer.com\/studio-et-materiel-photo\/#breadcrumb"},"inLanguage":"en-US","potentialAction":[{"@type":"ReadAction","target":["https:\/\/www.the-eye-of-the-photographer.com\/studio-et-materiel-photo\/"]}]},{"@type":"ImageObject","inLanguage":"en-US","@id":"https:\/\/www.the-eye-of-the-photographer.com\/studio-et-materiel-photo\/#primaryimage","url":"https:\/\/www.the-eye-of-the-photographer.com\/wp-content\/uploads\/2023\/10\/pexels-harry-cunningham-harrydigital-Studio-1024x683.jpg","contentUrl":"https:\/\/www.the-eye-of-the-photographer.com\/wp-content\/uploads\/2023\/10\/pexels-harry-cunningham-harrydigital-Studio-1024x683.jpg"},{"@type":"BreadcrumbList","@id":"https:\/\/www.the-eye-of-the-photographer.com\/studio-et-materiel-photo\/#breadcrumb","itemListElement":[{"@type":"ListItem","position":1,"name":"Accueil","item":"https:\/\/www.the-eye-of-the-photographer.com\/"},{"@type":"ListItem","position":2,"name":"Le studio et le mat\u00e9riel photo"}]},{"@type":"WebSite","@id":"https:\/\/www.the-eye-of-the-photographer.com\/#website","url":"https:\/\/www.the-eye-of-the-photographer.com\/","name":"The eye of the photographer","description":"Photographies et vid\u00e9os d&#039;art","potentialAction":[{"@type":"SearchAction","target":{"@type":"EntryPoint","urlTemplate":"https:\/\/www.the-eye-of-the-photographer.com\/?s={search_term_string}"},"query-input":{"@type":"PropertyValueSpecification","valueRequired":true,"valueName":"search_term_string"}}],"inLanguage":"en-US"},{"@type":"ImageObject","inLanguage":"en-US","@id":"https:\/\/www.the-eye-of-the-photographer.com\/studio-et-materiel-photo\/#local-main-organization-logo","url":"","contentUrl":"","caption":"The eye of the photographer"}]}},"jetpack_sharing_enabled":true,"jetpack_shortlink":"https:\/\/wp.me\/P9wpDF-KM","jetpack_likes_enabled":true,"jetpack-related-posts":[{"id":2913,"url":"https:\/\/www.the-eye-of-the-photographer.com\/en\/phototherapie\/","url_meta":{"origin":2900,"position":0},"title":"(Fran\u00e7ais) Phototh\u00e9rapie","author":"Stef040280","date":"Monday October 30th, 2023","format":false,"excerpt":"La phototh\u00e9rapie, un sujet complexe : Soyons clair, la phototh\u00e9rapie n\u2019existe pas en tant que th\u00e9rapie. Une th\u00e9rapie rel\u00e8ve du domaine m\u00e9dical et aucun des photographes qui se targuent de faire de la phototh\u00e9rapie n\u2019est m\u00e9decin. Cela peut vous sembler p\u00e9remptoire, mais en tant qu'hypnoth\u00e9rapeute et Coach mental, je sais\u2026","rel":"","context":"Similar post","block_context":{"text":"Similar post","link":""},"img":{"alt_text":"photo d'appareil \u00e0 phototh\u00e9rapie","src":"https:\/\/i0.wp.com\/www.the-eye-of-the-photographer.com\/wp-content\/uploads\/2023\/10\/pexels-mufid-majnun-dispositif-medical-phototherapie-scaled.jpg?resize=350%2C200","width":350,"height":200,"srcset":"https:\/\/i0.wp.com\/www.the-eye-of-the-photographer.com\/wp-content\/uploads\/2023\/10\/pexels-mufid-majnun-dispositif-medical-phototherapie-scaled.jpg?resize=350%2C200 1x, https:\/\/i0.wp.com\/www.the-eye-of-the-photographer.com\/wp-content\/uploads\/2023\/10\/pexels-mufid-majnun-dispositif-medical-phototherapie-scaled.jpg?resize=525%2C300 1.5x, https:\/\/i0.wp.com\/www.the-eye-of-the-photographer.com\/wp-content\/uploads\/2023\/10\/pexels-mufid-majnun-dispositif-medical-phototherapie-scaled.jpg?resize=700%2C400 2x, https:\/\/i0.wp.com\/www.the-eye-of-the-photographer.com\/wp-content\/uploads\/2023\/10\/pexels-mufid-majnun-dispositif-medical-phototherapie-scaled.jpg?resize=1050%2C600 3x, https:\/\/i0.wp.com\/www.the-eye-of-the-photographer.com\/wp-content\/uploads\/2023\/10\/pexels-mufid-majnun-dispositif-medical-phototherapie-scaled.jpg?resize=1400%2C800 4x"},"classes":[]},{"id":16,"url":"https:\/\/www.the-eye-of-the-photographer.com\/en\/contact-tarifs\/","url_meta":{"origin":2900,"position":1},"title":"Contact et tarifs","author":"Stef040280","date":"Tuesday August 29th, 2017","format":false,"excerpt":"I am always happy to read what you send (whatever might be reason you are writing to me). Remember to specify the reason for your email, your first names, email and phone number. It will help me get back to you as soon as possible: You want to pose for\u2026","rel":"","context":"Similar post","block_context":{"text":"Similar post","link":""},"img":{"alt_text":"","src":"","width":0,"height":0},"classes":[]},{"id":2915,"url":"https:\/\/www.the-eye-of-the-photographer.com\/en\/la-remuneration-des-modeles\/","url_meta":{"origin":2900,"position":2},"title":"(Fran\u00e7ais) La r\u00e9mun\u00e9ration des mod\u00e8les","author":"Stef040280","date":"Monday October 30th, 2023","format":false,"excerpt":"Sorry, this entry is only available in Fran\u00e7ais.","rel":"","context":"Similar post","block_context":{"text":"Similar post","link":""},"img":{"alt_text":"image d'un paiement au black","src":"https:\/\/i0.wp.com\/www.the-eye-of-the-photographer.com\/wp-content\/uploads\/2023\/10\/pexels-karolina-grabowska-argent-scaled.jpg?resize=350%2C200","width":350,"height":200,"srcset":"https:\/\/i0.wp.com\/www.the-eye-of-the-photographer.com\/wp-content\/uploads\/2023\/10\/pexels-karolina-grabowska-argent-scaled.jpg?resize=350%2C200 1x, https:\/\/i0.wp.com\/www.the-eye-of-the-photographer.com\/wp-content\/uploads\/2023\/10\/pexels-karolina-grabowska-argent-scaled.jpg?resize=525%2C300 1.5x, https:\/\/i0.wp.com\/www.the-eye-of-the-photographer.com\/wp-content\/uploads\/2023\/10\/pexels-karolina-grabowska-argent-scaled.jpg?resize=700%2C400 2x, https:\/\/i0.wp.com\/www.the-eye-of-the-photographer.com\/wp-content\/uploads\/2023\/10\/pexels-karolina-grabowska-argent-scaled.jpg?resize=1050%2C600 3x, https:\/\/i0.wp.com\/www.the-eye-of-the-photographer.com\/wp-content\/uploads\/2023\/10\/pexels-karolina-grabowska-argent-scaled.jpg?resize=1400%2C800 4x"},"classes":[]},{"id":2903,"url":"https:\/\/www.the-eye-of-the-photographer.com\/en\/achat-oeuvres-art\/","url_meta":{"origin":2900,"position":3},"title":"(Fran\u00e7ais) Achat de mes \u0153uvres d\u2019art.","author":"Stef040280","date":"Monday October 30th, 2023","format":false,"excerpt":"Sorry, this entry is only available in Fran\u00e7ais.","rel":"","context":"Similar post","block_context":{"text":"Similar post","link":""},"img":{"alt_text":"","src":"","width":0,"height":0},"classes":[]},{"id":2906,"url":"https:\/\/www.the-eye-of-the-photographer.com\/en\/differents-styles-photo-nu\/","url_meta":{"origin":2900,"position":4},"title":"(Fran\u00e7ais) Les diff\u00e9rents styles de photo de nu","author":"Stef040280","date":"Monday October 30th, 2023","format":false,"excerpt":"Sorry, this entry is only available in Fran\u00e7ais.","rel":"","context":"Similar post","block_context":{"text":"Similar post","link":""},"img":{"alt_text":"","src":"https:\/\/i0.wp.com\/www.the-eye-of-the-photographer.com\/wp-content\/uploads\/2020\/02\/duo-lingerie-blanche-web.jpg?resize=350%2C200&ssl=1","width":350,"height":200,"srcset":"https:\/\/i0.wp.com\/www.the-eye-of-the-photographer.com\/wp-content\/uploads\/2020\/02\/duo-lingerie-blanche-web.jpg?resize=350%2C200&ssl=1 1x, https:\/\/i0.wp.com\/www.the-eye-of-the-photographer.com\/wp-content\/uploads\/2020\/02\/duo-lingerie-blanche-web.jpg?resize=525%2C300&ssl=1 1.5x, https:\/\/i0.wp.com\/www.the-eye-of-the-photographer.com\/wp-content\/uploads\/2020\/02\/duo-lingerie-blanche-web.jpg?resize=700%2C400&ssl=1 2x, https:\/\/i0.wp.com\/www.the-eye-of-the-photographer.com\/wp-content\/uploads\/2020\/02\/duo-lingerie-blanche-web.jpg?resize=1050%2C600&ssl=1 3x"},"classes":[]},{"id":632,"url":"https:\/\/www.the-eye-of-the-photographer.com\/en\/photo-de-lingerie\/","url_meta":{"origin":2900,"position":5},"title":"(Fran\u00e7ais) Lingerie","author":"Stef040280","date":"Sunday March  8th, 2020","format":false,"excerpt":"\u00a0Pour moi, la photo de lingerie fait pratiquement partie du nu artistique, carelle en est tr\u00e8s proche \u00e0 bien des \u00e9gards. Finalement, il n\u2019y a que quelquescentim\u00e8tres carr\u00e9s de tissus qui les s\u00e9parent. Et encore ces tissus sont biensouvent transparents comme le tulle, ajour\u00e9s comme la dentelle ou extr\u00eamementmoulants comme\u2026","rel":"","context":"Similar post","block_context":{"text":"Similar post","link":""},"img":{"alt_text":"gallerie lingerie","src":"https:\/\/i0.wp.com\/www.the-eye-of-the-photographer.com\/wp-content\/uploads\/2020\/02\/lingerie-gobo-fen%C3%AAtre-web-scaled.jpg?resize=350%2C200","width":350,"height":200,"srcset":"https:\/\/i0.wp.com\/www.the-eye-of-the-photographer.com\/wp-content\/uploads\/2020\/02\/lingerie-gobo-fen%C3%AAtre-web-scaled.jpg?resize=350%2C200 1x, https:\/\/i0.wp.com\/www.the-eye-of-the-photographer.com\/wp-content\/uploads\/2020\/02\/lingerie-gobo-fen%C3%AAtre-web-scaled.jpg?resize=525%2C300 1.5x, https:\/\/i0.wp.com\/www.the-eye-of-the-photographer.com\/wp-content\/uploads\/2020\/02\/lingerie-gobo-fen%C3%AAtre-web-scaled.jpg?resize=700%2C400 2x, https:\/\/i0.wp.com\/www.the-eye-of-the-photographer.com\/wp-content\/uploads\/2020\/02\/lingerie-gobo-fen%C3%AAtre-web-scaled.jpg?resize=1050%2C600 3x, https:\/\/i0.wp.com\/www.the-eye-of-the-photographer.com\/wp-content\/uploads\/2020\/02\/lingerie-gobo-fen%C3%AAtre-web-scaled.jpg?resize=1400%2C800 4x"},"classes":[]}],"_links":{"self":[{"href":"https:\/\/www.the-eye-of-the-photographer.com\/en\/wp-json\/wp\/v2\/pages\/2900","targetHints":{"allow":["GET"]}}],"collection":[{"href":"https:\/\/www.the-eye-of-the-photographer.com\/en\/wp-json\/wp\/v2\/pages"}],"about":[{"href":"https:\/\/www.the-eye-of-the-photographer.com\/en\/wp-json\/wp\/v2\/types\/page"}],"author":[{"embeddable":true,"href":"https:\/\/www.the-eye-of-the-photographer.com\/en\/wp-json\/wp\/v2\/users\/1"}],"replies":[{"embeddable":true,"href":"https:\/\/www.the-eye-of-the-photographer.com\/en\/wp-json\/wp\/v2\/comments?post=2900"}],"version-history":[{"count":9,"href":"https:\/\/www.the-eye-of-the-photographer.com\/en\/wp-json\/wp\/v2\/pages\/2900\/revisions"}],"predecessor-version":[{"id":3112,"href":"https:\/\/www.the-eye-of-the-photographer.com\/en\/wp-json\/wp\/v2\/pages\/2900\/revisions\/3112"}],"wp:attachment":[{"href":"https:\/\/www.the-eye-of-the-photographer.com\/en\/wp-json\/wp\/v2\/media?parent=2900"}],"curies":[{"name":"wp","href":"https:\/\/api.w.org\/{rel}","templated":true}]}}