{"id":2888,"date":"2023-10-30T16:39:39","date_gmt":"2023-10-30T15:39:39","guid":{"rendered":"https:\/\/www.the-eye-of-the-photographer.com\/?page_id=2888"},"modified":"2023-11-06T15:44:53","modified_gmt":"2023-11-06T14:44:53","slug":"comment-poser-nu","status":"publish","type":"page","link":"https:\/\/www.the-eye-of-the-photographer.com\/en\/comment-poser-nu\/","title":{"rendered":"Comment poser nu pour moi"},"content":{"rendered":"<div id=\"dslc-theme-content\"><div id=\"dslc-theme-content-inner\"><p class=\"qtranxs-available-languages-message qtranxs-available-languages-message-en\">Sorry, this entry is only available in <a href=\"https:\/\/www.the-eye-of-the-photographer.com\/fr\/wp-json\/wp\/v2\/pages\/2888\" class=\"qtranxs-available-language-link qtranxs-available-language-link-fr\" title=\"Fran\u00e7ais\">Fran\u00e7ais<\/a>.<\/p><\/div><\/div>","protected":false},"excerpt":{"rendered":"<p>Sorry, this entry is only available in Fran\u00e7ais.<\/p>\n","protected":false},"author":1,"featured_media":0,"parent":0,"menu_order":0,"comment_status":"closed","ping_status":"closed","template":"","meta":{"sfsi_plus_gutenberg_text_before_share":"","sfsi_plus_gutenberg_show_text_before_share":"","sfsi_plus_gutenberg_icon_type":"","sfsi_plus_gutenberg_icon_alignemt":"","sfsi_plus_gutenburg_max_per_row":"","kt_blocks_editor_width":"","jetpack_post_was_ever_published":false,"footnotes":""},"class_list":["post-2888","page","type-page","status-publish","hentry"],"yoast_head":"<!-- This site is optimized with the Yoast SEO plugin v26.8 - https:\/\/yoast.com\/product\/yoast-seo-wordpress\/ -->\n<title>(Fran\u00e7ais) Comment poser nu<\/title>\n<meta name=\"description\" content=\"(Fran\u00e7ais) Vous voulez faire un shooting de nu artistique mais ignorez comment poser nu ? Je vous explique tout ce qu&#039;il faut pour travailler avec moi.\" \/>\n<meta name=\"robots\" content=\"index, follow, max-snippet:-1, max-image-preview:large, max-video-preview:-1\" \/>\n<link rel=\"canonical\" href=\"https:\/\/www.the-eye-of-the-photographer.com\/comment-poser-nu\/\" \/>\n<meta property=\"og:locale\" content=\"en_US\" \/>\n<meta property=\"og:type\" content=\"article\" \/>\n<meta property=\"og:title\" content=\"[:fr]Comment poser nu[:]\" \/>\n<meta property=\"og:description\" content=\"{:fr}Vous voulez faire un shooting de nu artistique mais ignorez comment poser nu ? Je vous explique tout ce qu&#039;il faut pour travailler avec moi.{:}\" \/>\n<meta property=\"og:url\" content=\"https:\/\/www.the-eye-of-the-photographer.com\/comment-poser-nu\/\" \/>\n<meta property=\"og:site_name\" content=\"The eye of the photographer\" \/>\n<meta property=\"article:modified_time\" content=\"2023-11-06T14:44:53+00:00\" \/>\n<meta name=\"twitter:card\" content=\"summary_large_image\" \/>\n<meta name=\"twitter:label1\" content=\"Est. reading time\" \/>\n\t<meta name=\"twitter:data1\" content=\"9 minutes\" \/>\n<script type=\"application\/ld+json\" class=\"yoast-schema-graph\">{\"@context\":\"https:\/\/schema.org\",\"@graph\":[{\"@type\":\"WebPage\",\"@id\":\"https:\/\/www.the-eye-of-the-photographer.com\/comment-poser-nu\/\",\"url\":\"https:\/\/www.the-eye-of-the-photographer.com\/comment-poser-nu\/\",\"name\":\"[:fr]Comment poser nu[:]\",\"isPartOf\":{\"@id\":\"https:\/\/www.the-eye-of-the-photographer.com\/#website\"},\"datePublished\":\"2023-10-30T15:39:39+00:00\",\"dateModified\":\"2023-11-06T14:44:53+00:00\",\"description\":\"{:fr}Vous voulez faire un shooting de nu artistique mais ignorez comment poser nu ? Je vous explique tout ce qu'il faut pour travailler avec moi.{:}\",\"breadcrumb\":{\"@id\":\"https:\/\/www.the-eye-of-the-photographer.com\/comment-poser-nu\/#breadcrumb\"},\"inLanguage\":\"en-US\",\"potentialAction\":[{\"@type\":\"ReadAction\",\"target\":[\"https:\/\/www.the-eye-of-the-photographer.com\/comment-poser-nu\/\"]}]},{\"@type\":\"BreadcrumbList\",\"@id\":\"https:\/\/www.the-eye-of-the-photographer.com\/comment-poser-nu\/#breadcrumb\",\"itemListElement\":[{\"@type\":\"ListItem\",\"position\":1,\"name\":\"Accueil\",\"item\":\"https:\/\/www.the-eye-of-the-photographer.com\/\"},{\"@type\":\"ListItem\",\"position\":2,\"name\":\"Comment poser nu pour moi\"}]},{\"@type\":\"WebSite\",\"@id\":\"https:\/\/www.the-eye-of-the-photographer.com\/#website\",\"url\":\"https:\/\/www.the-eye-of-the-photographer.com\/\",\"name\":\"The eye of the photographer\",\"description\":\"Photographies et vid\u00e9os d&#039;art\",\"potentialAction\":[{\"@type\":\"SearchAction\",\"target\":{\"@type\":\"EntryPoint\",\"urlTemplate\":\"https:\/\/www.the-eye-of-the-photographer.com\/?s={search_term_string}\"},\"query-input\":{\"@type\":\"PropertyValueSpecification\",\"valueRequired\":true,\"valueName\":\"search_term_string\"}}],\"inLanguage\":\"en-US\"},{\"@type\":\"ImageObject\",\"inLanguage\":\"en-US\",\"@id\":\"https:\/\/www.the-eye-of-the-photographer.com\/comment-poser-nu\/#local-main-organization-logo\",\"url\":\"\",\"contentUrl\":\"\",\"caption\":\"The eye of the photographer\"}]}<\/script>\n<!-- \/ Yoast SEO plugin. -->","yoast_head_json":{"title":"(Fran\u00e7ais) Comment poser nu","description":"(Fran\u00e7ais) Vous voulez faire un shooting de nu artistique mais ignorez comment poser nu ? Je vous explique tout ce qu'il faut pour travailler avec moi.","robots":{"index":"index","follow":"follow","max-snippet":"max-snippet:-1","max-image-preview":"max-image-preview:large","max-video-preview":"max-video-preview:-1"},"canonical":"https:\/\/www.the-eye-of-the-photographer.com\/comment-poser-nu\/","og_locale":"en_US","og_type":"article","og_title":"[:fr]Comment poser nu[:]","og_description":"{:fr}Vous voulez faire un shooting de nu artistique mais ignorez comment poser nu ? Je vous explique tout ce qu'il faut pour travailler avec moi.{:}","og_url":"https:\/\/www.the-eye-of-the-photographer.com\/comment-poser-nu\/","og_site_name":"The eye of the photographer","article_modified_time":"2023-11-06T14:44:53+00:00","twitter_card":"summary_large_image","twitter_misc":{"Est. reading time":"9 minutes"},"schema":{"@context":"https:\/\/schema.org","@graph":[{"@type":"WebPage","@id":"https:\/\/www.the-eye-of-the-photographer.com\/comment-poser-nu\/","url":"https:\/\/www.the-eye-of-the-photographer.com\/comment-poser-nu\/","name":"[:fr]Comment poser nu[:]","isPartOf":{"@id":"https:\/\/www.the-eye-of-the-photographer.com\/#website"},"datePublished":"2023-10-30T15:39:39+00:00","dateModified":"2023-11-06T14:44:53+00:00","description":"{:fr}Vous voulez faire un shooting de nu artistique mais ignorez comment poser nu ? Je vous explique tout ce qu'il faut pour travailler avec moi.{:}","breadcrumb":{"@id":"https:\/\/www.the-eye-of-the-photographer.com\/comment-poser-nu\/#breadcrumb"},"inLanguage":"en-US","potentialAction":[{"@type":"ReadAction","target":["https:\/\/www.the-eye-of-the-photographer.com\/comment-poser-nu\/"]}]},{"@type":"BreadcrumbList","@id":"https:\/\/www.the-eye-of-the-photographer.com\/comment-poser-nu\/#breadcrumb","itemListElement":[{"@type":"ListItem","position":1,"name":"Accueil","item":"https:\/\/www.the-eye-of-the-photographer.com\/"},{"@type":"ListItem","position":2,"name":"Comment poser nu pour moi"}]},{"@type":"WebSite","@id":"https:\/\/www.the-eye-of-the-photographer.com\/#website","url":"https:\/\/www.the-eye-of-the-photographer.com\/","name":"The eye of the photographer","description":"Photographies et vid\u00e9os d&#039;art","potentialAction":[{"@type":"SearchAction","target":{"@type":"EntryPoint","urlTemplate":"https:\/\/www.the-eye-of-the-photographer.com\/?s={search_term_string}"},"query-input":{"@type":"PropertyValueSpecification","valueRequired":true,"valueName":"search_term_string"}}],"inLanguage":"en-US"},{"@type":"ImageObject","inLanguage":"en-US","@id":"https:\/\/www.the-eye-of-the-photographer.com\/comment-poser-nu\/#local-main-organization-logo","url":"","contentUrl":"","caption":"The eye of the photographer"}]}},"jetpack_sharing_enabled":true,"jetpack_shortlink":"https:\/\/wp.me\/P9wpDF-KA","jetpack_likes_enabled":true,"jetpack-related-posts":[{"id":2906,"url":"https:\/\/www.the-eye-of-the-photographer.com\/en\/differents-styles-photo-nu\/","url_meta":{"origin":2888,"position":0},"title":"(Fran\u00e7ais) Les diff\u00e9rents styles de photo de nu","author":"Stef040280","date":"Monday October 30th, 2023","format":false,"excerpt":"Sorry, this entry is only available in Fran\u00e7ais.","rel":"","context":"Similar post","block_context":{"text":"Similar post","link":""},"img":{"alt_text":"","src":"https:\/\/i0.wp.com\/www.the-eye-of-the-photographer.com\/wp-content\/uploads\/2020\/02\/duo-lingerie-blanche-web.jpg?resize=350%2C200&ssl=1","width":350,"height":200,"srcset":"https:\/\/i0.wp.com\/www.the-eye-of-the-photographer.com\/wp-content\/uploads\/2020\/02\/duo-lingerie-blanche-web.jpg?resize=350%2C200&ssl=1 1x, https:\/\/i0.wp.com\/www.the-eye-of-the-photographer.com\/wp-content\/uploads\/2020\/02\/duo-lingerie-blanche-web.jpg?resize=525%2C300&ssl=1 1.5x, https:\/\/i0.wp.com\/www.the-eye-of-the-photographer.com\/wp-content\/uploads\/2020\/02\/duo-lingerie-blanche-web.jpg?resize=700%2C400&ssl=1 2x, https:\/\/i0.wp.com\/www.the-eye-of-the-photographer.com\/wp-content\/uploads\/2020\/02\/duo-lingerie-blanche-web.jpg?resize=1050%2C600&ssl=1 3x"},"classes":[]},{"id":2911,"url":"https:\/\/www.the-eye-of-the-photographer.com\/en\/histoire-du-nu\/","url_meta":{"origin":2888,"position":1},"title":"(Fran\u00e7ais) Histoire du nu","author":"Stef040280","date":"Monday October 30th, 2023","format":false,"excerpt":"Sorry, this entry is only available in Fran\u00e7ais.","rel":"","context":"Similar post","block_context":{"text":"Similar post","link":""},"img":{"alt_text":"","src":"https:\/\/i0.wp.com\/www.the-eye-of-the-photographer.com\/wp-content\/uploads\/2023\/10\/Statu-nu-masculin-antiquite-bronzes-phidias.jpg?resize=350%2C200&ssl=1","width":350,"height":200},"classes":[]},{"id":31,"url":"https:\/\/www.the-eye-of-the-photographer.com\/en\/galeries\/avertissement\/nu-artistique\/poser-nu\/","url_meta":{"origin":2888,"position":2},"title":"Pourquoi poser nu ?","author":"Stef040280","date":"Saturday November  4th, 2017","format":false,"excerpt":"Sorry, this entry is only available in Fran\u00e7ais.","rel":"","context":"Similar post","block_context":{"text":"Similar post","link":""},"img":{"alt_text":"","src":"https:\/\/i0.wp.com\/www.the-eye-of-the-photographer.com\/wp-content\/uploads\/2023\/10\/zoom-vulgarite-blagues-potaches-et-corinne-masiero-nue-pluie-de-critiques-apres-les-cesar-.jpg?resize=350%2C200&ssl=1","width":350,"height":200,"srcset":"https:\/\/i0.wp.com\/www.the-eye-of-the-photographer.com\/wp-content\/uploads\/2023\/10\/zoom-vulgarite-blagues-potaches-et-corinne-masiero-nue-pluie-de-critiques-apres-les-cesar-.jpg?resize=350%2C200&ssl=1 1x, https:\/\/i0.wp.com\/www.the-eye-of-the-photographer.com\/wp-content\/uploads\/2023\/10\/zoom-vulgarite-blagues-potaches-et-corinne-masiero-nue-pluie-de-critiques-apres-les-cesar-.jpg?resize=525%2C300&ssl=1 1.5x, https:\/\/i0.wp.com\/www.the-eye-of-the-photographer.com\/wp-content\/uploads\/2023\/10\/zoom-vulgarite-blagues-potaches-et-corinne-masiero-nue-pluie-de-critiques-apres-les-cesar-.jpg?resize=700%2C400&ssl=1 2x, https:\/\/i0.wp.com\/www.the-eye-of-the-photographer.com\/wp-content\/uploads\/2023\/10\/zoom-vulgarite-blagues-potaches-et-corinne-masiero-nue-pluie-de-critiques-apres-les-cesar-.jpg?resize=1050%2C600&ssl=1 3x"},"classes":[]},{"id":632,"url":"https:\/\/www.the-eye-of-the-photographer.com\/en\/photo-de-lingerie\/","url_meta":{"origin":2888,"position":3},"title":"(Fran\u00e7ais) Lingerie","author":"Stef040280","date":"Sunday March  8th, 2020","format":false,"excerpt":"\u00a0Pour moi, la photo de lingerie fait pratiquement partie du nu artistique, carelle en est tr\u00e8s proche \u00e0 bien des \u00e9gards. Finalement, il n\u2019y a que quelquescentim\u00e8tres carr\u00e9s de tissus qui les s\u00e9parent. Et encore ces tissus sont biensouvent transparents comme le tulle, ajour\u00e9s comme la dentelle ou extr\u00eamementmoulants comme\u2026","rel":"","context":"Similar post","block_context":{"text":"Similar post","link":""},"img":{"alt_text":"gallerie lingerie","src":"https:\/\/i0.wp.com\/www.the-eye-of-the-photographer.com\/wp-content\/uploads\/2020\/02\/lingerie-gobo-fen%C3%AAtre-web-scaled.jpg?resize=350%2C200","width":350,"height":200,"srcset":"https:\/\/i0.wp.com\/www.the-eye-of-the-photographer.com\/wp-content\/uploads\/2020\/02\/lingerie-gobo-fen%C3%AAtre-web-scaled.jpg?resize=350%2C200 1x, https:\/\/i0.wp.com\/www.the-eye-of-the-photographer.com\/wp-content\/uploads\/2020\/02\/lingerie-gobo-fen%C3%AAtre-web-scaled.jpg?resize=525%2C300 1.5x, https:\/\/i0.wp.com\/www.the-eye-of-the-photographer.com\/wp-content\/uploads\/2020\/02\/lingerie-gobo-fen%C3%AAtre-web-scaled.jpg?resize=700%2C400 2x, https:\/\/i0.wp.com\/www.the-eye-of-the-photographer.com\/wp-content\/uploads\/2020\/02\/lingerie-gobo-fen%C3%AAtre-web-scaled.jpg?resize=1050%2C600 3x, https:\/\/i0.wp.com\/www.the-eye-of-the-photographer.com\/wp-content\/uploads\/2020\/02\/lingerie-gobo-fen%C3%AAtre-web-scaled.jpg?resize=1400%2C800 4x"},"classes":[]},{"id":150,"url":"https:\/\/www.the-eye-of-the-photographer.com\/en\/galeries\/avertissement\/nu-artistique\/","url_meta":{"origin":2888,"position":4},"title":"Galeries Nu artistique","author":"Stef040280","date":"Tuesday June 19th, 2018","format":false,"excerpt":"Here you will find my galleries of artistic nudes or AKT, my kind of predilection and my speciality. If you want to know more about my vision of this art, my projects or if you want to work with me you can click here. For the moment the classification is\u2026","rel":"","context":"Similar post","block_context":{"text":"Similar post","link":""},"img":{"alt_text":"","src":"https:\/\/i0.wp.com\/www.the-eye-of-the-photographer.com\/wp-content\/uploads\/2018\/06\/nu-pudique-fresnel.jpg?resize=350%2C200","width":350,"height":200,"srcset":"https:\/\/i0.wp.com\/www.the-eye-of-the-photographer.com\/wp-content\/uploads\/2018\/06\/nu-pudique-fresnel.jpg?resize=350%2C200 1x, https:\/\/i0.wp.com\/www.the-eye-of-the-photographer.com\/wp-content\/uploads\/2018\/06\/nu-pudique-fresnel.jpg?resize=525%2C300 1.5x, https:\/\/i0.wp.com\/www.the-eye-of-the-photographer.com\/wp-content\/uploads\/2018\/06\/nu-pudique-fresnel.jpg?resize=700%2C400 2x, https:\/\/i0.wp.com\/www.the-eye-of-the-photographer.com\/wp-content\/uploads\/2018\/06\/nu-pudique-fresnel.jpg?resize=1050%2C600 3x, https:\/\/i0.wp.com\/www.the-eye-of-the-photographer.com\/wp-content\/uploads\/2018\/06\/nu-pudique-fresnel.jpg?resize=1400%2C800 4x"},"classes":[]},{"id":13,"url":"https:\/\/www.the-eye-of-the-photographer.com\/en\/galeries\/avertissement\/","url_meta":{"origin":2888,"position":5},"title":"Avertissement","author":"Stef040280","date":"Saturday November  4th, 2017","format":false,"excerpt":"Attention ! En bon photographe de nu artistique \u00e0 Paris les photos des galeries qui se trouvent sous cette rubrique contiennent de la nudit\u00e9. Bien qu'il s'agisse de nus artistiques\u00a0 (AKT) certaines sensibilit\u00e9s peuvent ne pas appr\u00e9cier. Je vous conseille donc si tel est le cas pour vous de revenir\u2026","rel":"","context":"Similar post","block_context":{"text":"Similar post","link":""},"img":{"alt_text":"","src":"","width":0,"height":0},"classes":[]}],"_links":{"self":[{"href":"https:\/\/www.the-eye-of-the-photographer.com\/en\/wp-json\/wp\/v2\/pages\/2888","targetHints":{"allow":["GET"]}}],"collection":[{"href":"https:\/\/www.the-eye-of-the-photographer.com\/en\/wp-json\/wp\/v2\/pages"}],"about":[{"href":"https:\/\/www.the-eye-of-the-photographer.com\/en\/wp-json\/wp\/v2\/types\/page"}],"author":[{"embeddable":true,"href":"https:\/\/www.the-eye-of-the-photographer.com\/en\/wp-json\/wp\/v2\/users\/1"}],"replies":[{"embeddable":true,"href":"https:\/\/www.the-eye-of-the-photographer.com\/en\/wp-json\/wp\/v2\/comments?post=2888"}],"version-history":[{"count":14,"href":"https:\/\/www.the-eye-of-the-photographer.com\/en\/wp-json\/wp\/v2\/pages\/2888\/revisions"}],"predecessor-version":[{"id":3119,"href":"https:\/\/www.the-eye-of-the-photographer.com\/en\/wp-json\/wp\/v2\/pages\/2888\/revisions\/3119"}],"wp:attachment":[{"href":"https:\/\/www.the-eye-of-the-photographer.com\/en\/wp-json\/wp\/v2\/media?parent=2888"}],"curies":[{"name":"wp","href":"https:\/\/api.w.org\/{rel}","templated":true}]}}