{"id":22,"date":"2017-09-01T16:55:48","date_gmt":"2017-09-01T14:55:48","guid":{"rendered":"http:\/\/www.the-eye-of-the-photographer.com\/?page_id=22"},"modified":"2023-11-03T15:43:44","modified_gmt":"2023-11-03T14:43:44","slug":"videos-films","status":"publish","type":"page","link":"https:\/\/www.the-eye-of-the-photographer.com\/en\/videos-films\/","title":{"rendered":"Vid\u00e9os"},"content":{"rendered":"<div id=\"dslc-theme-content\"><div id=\"dslc-theme-content-inner\"><span style=\"color: #ffffff;\">La photo m'a naturellement amen\u00e9 vers la vid\u00e9o. Professionnellement les deux sont devenus quasiment ins\u00e9parables aujourd'hui. M\u00eames si ce sont des m\u00e9tiers diff\u00e9rents certaines techniques sont proches et l'influence du cin\u00e9ma sur la photo est ind\u00e9niable depuis le d\u00e9but. Aujourd'hui vous devez \u00eatre capable de faire l'un et l'autre. Mais c'est ma passion pour le cin\u00e9ma et certaines de mes activit\u00e9s annexes m'ont pouss\u00e9 \u00e0 sauter le pas et \u00e0 m'essayer au tournage de vid\u00e9os et de films.<br \/>\nCar raconter une histoire, dont on construit tout ou presque est une aventure que je n'osais aborder. C'est donc entour\u00e9 d'amis dont certains professionnels que j'ai fini par me lancer. Et croyez moi je ne regrette rien. Au contraire je suis impatient de tourner d'autres vid\u00e9os artistiques.<br \/>\nQue ce soit en tant que producteur, chef op, r\u00e9alisateur, monteur vous pourrez trouver ci-dessous quelques exemples de mon travail dans ce domaine.<\/span><\/p>\n<h2 style=\"text-align: center;\">Une nuit<\/h2>\n<p><span style=\"color: #ffffff;\">Voici la bande annonce d'un film que j'ai produit avec quelques amis. Cette vid\u00e9o devrait sortir prochainement apr\u00e8s bon nombre de p\u00e9rip\u00e9ties.<\/span><\/p>\n<div style=\"width: 1280px;\" class=\"wp-video\"><video class=\"wp-video-shortcode\" id=\"video-22-2\" width=\"1280\" height=\"720\" preload=\"metadata\" controls=\"controls\"><source type=\"video\/mp4\" src=\"http:\/\/www.the-eye-of-the-photographer.com\/wp-content\/uploads\/2017\/12\/Teaser-Une-nuit-sur-Vimeo720-Mp4.mp4?_=2\" \/><a href=\"http:\/\/www.the-eye-of-the-photographer.com\/wp-content\/uploads\/2017\/12\/Teaser-Une-nuit-sur-Vimeo720-Mp4.mp4\">http:\/\/www.the-eye-of-the-photographer.com\/wp-content\/uploads\/2017\/12\/Teaser-Une-nuit-sur-Vimeo720-Mp4.mp4<\/a><\/video><\/div><\/div><\/div>","protected":false},"excerpt":{"rendered":"<p>La photo m'a naturellement amen\u00e9 vers la vid\u00e9o. Professionnellement les deux sont devenus quasiment ins\u00e9parables aujourd'hui. M\u00eames si ce sont des m\u00e9tiers diff\u00e9rents certaines techniques sont proches et l'influence du cin\u00e9ma sur la photo est ind\u00e9niable depuis le d\u00e9but. Aujourd'hui &hellip; <a href=\"https:\/\/www.the-eye-of-the-photographer.com\/en\/videos-films\/\">Continued<\/a><\/p>\n","protected":false},"author":1,"featured_media":0,"parent":0,"menu_order":0,"comment_status":"closed","ping_status":"closed","template":"","meta":{"sfsi_plus_gutenberg_text_before_share":"","sfsi_plus_gutenberg_show_text_before_share":"","sfsi_plus_gutenberg_icon_type":"","sfsi_plus_gutenberg_icon_alignemt":"","sfsi_plus_gutenburg_max_per_row":"","kt_blocks_editor_width":"","jetpack_post_was_ever_published":false,"footnotes":""},"class_list":["post-22","page","type-page","status-publish","hentry"],"yoast_head":"<!-- This site is optimized with the Yoast SEO plugin v26.8 - https:\/\/yoast.com\/product\/yoast-seo-wordpress\/ -->\n<title>(Fran\u00e7ais) vid\u00e9os et films<\/title>\n<meta name=\"description\" content=\"Vous trouverez sur cette pages les vid\u00e9os et les films de The Eye Of The Photographer. Vous pourrez notament voir ici la Bande annonce du film une nuit.\" \/>\n<meta name=\"robots\" content=\"index, follow, max-snippet:-1, max-image-preview:large, max-video-preview:-1\" \/>\n<link rel=\"canonical\" href=\"https:\/\/www.the-eye-of-the-photographer.com\/videos-films\/\" \/>\n<meta property=\"og:locale\" content=\"en_US\" \/>\n<meta property=\"og:type\" content=\"article\" \/>\n<meta property=\"og:title\" content=\"[:fr]vid\u00e9os et films [:]\" \/>\n<meta property=\"og:description\" content=\"{:fr}Vous trouverez sur cette pages les vid\u00e9os et les films de The Eye Of The Photographer. {:en}Vous trouverez sur cette pages les vid\u00e9os et les films de The Eye Of The Photographer. Vous pourrez notament voir ici la Bande annonce du film une nuit.{:}\" \/>\n<meta property=\"og:url\" content=\"https:\/\/www.the-eye-of-the-photographer.com\/videos-films\/\" \/>\n<meta property=\"og:site_name\" content=\"The eye of the photographer\" \/>\n<meta property=\"article:modified_time\" content=\"2023-11-03T14:43:44+00:00\" \/>\n<meta property=\"og:image\" content=\"https:\/\/www.the-eye-of-the-photographer.com\/wp-content\/uploads\/2023\/11\/Tournage-film-Une-nuit-3-205x300.jpg\" \/>\n<meta name=\"twitter:card\" content=\"summary_large_image\" \/>\n<meta name=\"twitter:label1\" content=\"Est. reading time\" \/>\n\t<meta name=\"twitter:data1\" content=\"3 minutes\" \/>\n<script type=\"application\/ld+json\" class=\"yoast-schema-graph\">{\"@context\":\"https:\/\/schema.org\",\"@graph\":[{\"@type\":\"WebPage\",\"@id\":\"https:\/\/www.the-eye-of-the-photographer.com\/videos-films\/\",\"url\":\"https:\/\/www.the-eye-of-the-photographer.com\/videos-films\/\",\"name\":\"[:fr]vid\u00e9os et films [:]\",\"isPartOf\":{\"@id\":\"https:\/\/www.the-eye-of-the-photographer.com\/#website\"},\"primaryImageOfPage\":{\"@id\":\"https:\/\/www.the-eye-of-the-photographer.com\/videos-films\/#primaryimage\"},\"image\":{\"@id\":\"https:\/\/www.the-eye-of-the-photographer.com\/videos-films\/#primaryimage\"},\"thumbnailUrl\":\"https:\/\/www.the-eye-of-the-photographer.com\/wp-content\/uploads\/2023\/11\/Tournage-film-Une-nuit-3-205x300.jpg\",\"datePublished\":\"2017-09-01T14:55:48+00:00\",\"dateModified\":\"2023-11-03T14:43:44+00:00\",\"description\":\"{:fr}Vous trouverez sur cette pages les vid\u00e9os et les films de The Eye Of The Photographer. {:en}Vous trouverez sur cette pages les vid\u00e9os et les films de The Eye Of The Photographer. Vous pourrez notament voir ici la Bande annonce du film une nuit.{:}\",\"breadcrumb\":{\"@id\":\"https:\/\/www.the-eye-of-the-photographer.com\/videos-films\/#breadcrumb\"},\"inLanguage\":\"en-US\",\"potentialAction\":[{\"@type\":\"ReadAction\",\"target\":[\"https:\/\/www.the-eye-of-the-photographer.com\/videos-films\/\"]}]},{\"@type\":\"ImageObject\",\"inLanguage\":\"en-US\",\"@id\":\"https:\/\/www.the-eye-of-the-photographer.com\/videos-films\/#primaryimage\",\"url\":\"https:\/\/www.the-eye-of-the-photographer.com\/wp-content\/uploads\/2023\/11\/Tournage-film-Une-nuit-3-205x300.jpg\",\"contentUrl\":\"https:\/\/www.the-eye-of-the-photographer.com\/wp-content\/uploads\/2023\/11\/Tournage-film-Une-nuit-3-205x300.jpg\"},{\"@type\":\"BreadcrumbList\",\"@id\":\"https:\/\/www.the-eye-of-the-photographer.com\/videos-films\/#breadcrumb\",\"itemListElement\":[{\"@type\":\"ListItem\",\"position\":1,\"name\":\"Accueil\",\"item\":\"https:\/\/www.the-eye-of-the-photographer.com\/\"},{\"@type\":\"ListItem\",\"position\":2,\"name\":\"Vid\u00e9os\"}]},{\"@type\":\"WebSite\",\"@id\":\"https:\/\/www.the-eye-of-the-photographer.com\/#website\",\"url\":\"https:\/\/www.the-eye-of-the-photographer.com\/\",\"name\":\"The eye of the photographer\",\"description\":\"Photographies et vid\u00e9os d&#039;art\",\"potentialAction\":[{\"@type\":\"SearchAction\",\"target\":{\"@type\":\"EntryPoint\",\"urlTemplate\":\"https:\/\/www.the-eye-of-the-photographer.com\/?s={search_term_string}\"},\"query-input\":{\"@type\":\"PropertyValueSpecification\",\"valueRequired\":true,\"valueName\":\"search_term_string\"}}],\"inLanguage\":\"en-US\"},{\"@type\":\"ImageObject\",\"inLanguage\":\"en-US\",\"@id\":\"https:\/\/www.the-eye-of-the-photographer.com\/videos-films\/#local-main-organization-logo\",\"url\":\"\",\"contentUrl\":\"\",\"caption\":\"The eye of the photographer\"}]}<\/script>\n<!-- \/ Yoast SEO plugin. -->","yoast_head_json":{"title":"(Fran\u00e7ais) vid\u00e9os et films","description":"Vous trouverez sur cette pages les vid\u00e9os et les films de The Eye Of The Photographer. Vous pourrez notament voir ici la Bande annonce du film une nuit.","robots":{"index":"index","follow":"follow","max-snippet":"max-snippet:-1","max-image-preview":"max-image-preview:large","max-video-preview":"max-video-preview:-1"},"canonical":"https:\/\/www.the-eye-of-the-photographer.com\/videos-films\/","og_locale":"en_US","og_type":"article","og_title":"[:fr]vid\u00e9os et films [:]","og_description":"{:fr}Vous trouverez sur cette pages les vid\u00e9os et les films de The Eye Of The Photographer. {:en}Vous trouverez sur cette pages les vid\u00e9os et les films de The Eye Of The Photographer. Vous pourrez notament voir ici la Bande annonce du film une nuit.{:}","og_url":"https:\/\/www.the-eye-of-the-photographer.com\/videos-films\/","og_site_name":"The eye of the photographer","article_modified_time":"2023-11-03T14:43:44+00:00","og_image":[{"url":"https:\/\/www.the-eye-of-the-photographer.com\/wp-content\/uploads\/2023\/11\/Tournage-film-Une-nuit-3-205x300.jpg","type":"","width":"","height":""}],"twitter_card":"summary_large_image","twitter_misc":{"Est. reading time":"3 minutes"},"schema":{"@context":"https:\/\/schema.org","@graph":[{"@type":"WebPage","@id":"https:\/\/www.the-eye-of-the-photographer.com\/videos-films\/","url":"https:\/\/www.the-eye-of-the-photographer.com\/videos-films\/","name":"[:fr]vid\u00e9os et films [:]","isPartOf":{"@id":"https:\/\/www.the-eye-of-the-photographer.com\/#website"},"primaryImageOfPage":{"@id":"https:\/\/www.the-eye-of-the-photographer.com\/videos-films\/#primaryimage"},"image":{"@id":"https:\/\/www.the-eye-of-the-photographer.com\/videos-films\/#primaryimage"},"thumbnailUrl":"https:\/\/www.the-eye-of-the-photographer.com\/wp-content\/uploads\/2023\/11\/Tournage-film-Une-nuit-3-205x300.jpg","datePublished":"2017-09-01T14:55:48+00:00","dateModified":"2023-11-03T14:43:44+00:00","description":"{:fr}Vous trouverez sur cette pages les vid\u00e9os et les films de The Eye Of The Photographer. {:en}Vous trouverez sur cette pages les vid\u00e9os et les films de The Eye Of The Photographer. Vous pourrez notament voir ici la Bande annonce du film une nuit.{:}","breadcrumb":{"@id":"https:\/\/www.the-eye-of-the-photographer.com\/videos-films\/#breadcrumb"},"inLanguage":"en-US","potentialAction":[{"@type":"ReadAction","target":["https:\/\/www.the-eye-of-the-photographer.com\/videos-films\/"]}]},{"@type":"ImageObject","inLanguage":"en-US","@id":"https:\/\/www.the-eye-of-the-photographer.com\/videos-films\/#primaryimage","url":"https:\/\/www.the-eye-of-the-photographer.com\/wp-content\/uploads\/2023\/11\/Tournage-film-Une-nuit-3-205x300.jpg","contentUrl":"https:\/\/www.the-eye-of-the-photographer.com\/wp-content\/uploads\/2023\/11\/Tournage-film-Une-nuit-3-205x300.jpg"},{"@type":"BreadcrumbList","@id":"https:\/\/www.the-eye-of-the-photographer.com\/videos-films\/#breadcrumb","itemListElement":[{"@type":"ListItem","position":1,"name":"Accueil","item":"https:\/\/www.the-eye-of-the-photographer.com\/"},{"@type":"ListItem","position":2,"name":"Vid\u00e9os"}]},{"@type":"WebSite","@id":"https:\/\/www.the-eye-of-the-photographer.com\/#website","url":"https:\/\/www.the-eye-of-the-photographer.com\/","name":"The eye of the photographer","description":"Photographies et vid\u00e9os d&#039;art","potentialAction":[{"@type":"SearchAction","target":{"@type":"EntryPoint","urlTemplate":"https:\/\/www.the-eye-of-the-photographer.com\/?s={search_term_string}"},"query-input":{"@type":"PropertyValueSpecification","valueRequired":true,"valueName":"search_term_string"}}],"inLanguage":"en-US"},{"@type":"ImageObject","inLanguage":"en-US","@id":"https:\/\/www.the-eye-of-the-photographer.com\/videos-films\/#local-main-organization-logo","url":"","contentUrl":"","caption":"The eye of the photographer"}]}},"jetpack_sharing_enabled":true,"jetpack_shortlink":"https:\/\/wp.me\/P9wpDF-m","jetpack_likes_enabled":true,"jetpack-related-posts":[{"id":2915,"url":"https:\/\/www.the-eye-of-the-photographer.com\/en\/la-remuneration-des-modeles\/","url_meta":{"origin":22,"position":0},"title":"(Fran\u00e7ais) La r\u00e9mun\u00e9ration des mod\u00e8les","author":"Stef040280","date":"Monday October 30th, 2023","format":false,"excerpt":"Sorry, this entry is only available in Fran\u00e7ais.","rel":"","context":"Similar post","block_context":{"text":"Similar post","link":""},"img":{"alt_text":"image d'un paiement au black","src":"https:\/\/i0.wp.com\/www.the-eye-of-the-photographer.com\/wp-content\/uploads\/2023\/10\/pexels-karolina-grabowska-argent-scaled.jpg?resize=350%2C200","width":350,"height":200,"srcset":"https:\/\/i0.wp.com\/www.the-eye-of-the-photographer.com\/wp-content\/uploads\/2023\/10\/pexels-karolina-grabowska-argent-scaled.jpg?resize=350%2C200 1x, https:\/\/i0.wp.com\/www.the-eye-of-the-photographer.com\/wp-content\/uploads\/2023\/10\/pexels-karolina-grabowska-argent-scaled.jpg?resize=525%2C300 1.5x, https:\/\/i0.wp.com\/www.the-eye-of-the-photographer.com\/wp-content\/uploads\/2023\/10\/pexels-karolina-grabowska-argent-scaled.jpg?resize=700%2C400 2x, https:\/\/i0.wp.com\/www.the-eye-of-the-photographer.com\/wp-content\/uploads\/2023\/10\/pexels-karolina-grabowska-argent-scaled.jpg?resize=1050%2C600 3x, https:\/\/i0.wp.com\/www.the-eye-of-the-photographer.com\/wp-content\/uploads\/2023\/10\/pexels-karolina-grabowska-argent-scaled.jpg?resize=1400%2C800 4x"},"classes":[]},{"id":11,"url":"https:\/\/www.the-eye-of-the-photographer.com\/en\/a-propos-the-eye-of-the-photographer\/","url_meta":{"origin":22,"position":1},"title":"\u00c0 propos","author":"Stef040280","date":"Friday September  1st, 2017","format":false,"excerpt":"The story behind The Eye Of The Photographer My name is St\u00e9phane and I live in Paris. I have been passionate about photography for more than 23 years. I discovered this art after having pushed the door of a bookstore specialized in Photo books. This one was located near my\u2026","rel":"","context":"Similar post","block_context":{"text":"Similar post","link":""},"img":{"alt_text":"Mon portrait par RG Photos","src":"https:\/\/i0.wp.com\/www.the-eye-of-the-photographer.com\/wp-content\/uploads\/2017\/12\/photo-pr%C3%A9sentation-200x300.jpg?resize=350%2C200","width":350,"height":200},"classes":[]},{"id":2913,"url":"https:\/\/www.the-eye-of-the-photographer.com\/en\/phototherapie\/","url_meta":{"origin":22,"position":2},"title":"(Fran\u00e7ais) Phototh\u00e9rapie","author":"Stef040280","date":"Monday October 30th, 2023","format":false,"excerpt":"La phototh\u00e9rapie, un sujet complexe : Soyons clair, la phototh\u00e9rapie n\u2019existe pas en tant que th\u00e9rapie. Une th\u00e9rapie rel\u00e8ve du domaine m\u00e9dical et aucun des photographes qui se targuent de faire de la phototh\u00e9rapie n\u2019est m\u00e9decin. Cela peut vous sembler p\u00e9remptoire, mais en tant qu'hypnoth\u00e9rapeute et Coach mental, je sais\u2026","rel":"","context":"Similar post","block_context":{"text":"Similar post","link":""},"img":{"alt_text":"photo d'appareil \u00e0 phototh\u00e9rapie","src":"https:\/\/i0.wp.com\/www.the-eye-of-the-photographer.com\/wp-content\/uploads\/2023\/10\/pexels-mufid-majnun-dispositif-medical-phototherapie-scaled.jpg?resize=350%2C200","width":350,"height":200,"srcset":"https:\/\/i0.wp.com\/www.the-eye-of-the-photographer.com\/wp-content\/uploads\/2023\/10\/pexels-mufid-majnun-dispositif-medical-phototherapie-scaled.jpg?resize=350%2C200 1x, https:\/\/i0.wp.com\/www.the-eye-of-the-photographer.com\/wp-content\/uploads\/2023\/10\/pexels-mufid-majnun-dispositif-medical-phototherapie-scaled.jpg?resize=525%2C300 1.5x, https:\/\/i0.wp.com\/www.the-eye-of-the-photographer.com\/wp-content\/uploads\/2023\/10\/pexels-mufid-majnun-dispositif-medical-phototherapie-scaled.jpg?resize=700%2C400 2x, https:\/\/i0.wp.com\/www.the-eye-of-the-photographer.com\/wp-content\/uploads\/2023\/10\/pexels-mufid-majnun-dispositif-medical-phototherapie-scaled.jpg?resize=1050%2C600 3x, https:\/\/i0.wp.com\/www.the-eye-of-the-photographer.com\/wp-content\/uploads\/2023\/10\/pexels-mufid-majnun-dispositif-medical-phototherapie-scaled.jpg?resize=1400%2C800 4x"},"classes":[]},{"id":2906,"url":"https:\/\/www.the-eye-of-the-photographer.com\/en\/differents-styles-photo-nu\/","url_meta":{"origin":22,"position":3},"title":"(Fran\u00e7ais) Les diff\u00e9rents styles de photo de nu","author":"Stef040280","date":"Monday October 30th, 2023","format":false,"excerpt":"Sorry, this entry is only available in Fran\u00e7ais.","rel":"","context":"Similar post","block_context":{"text":"Similar post","link":""},"img":{"alt_text":"","src":"https:\/\/i0.wp.com\/www.the-eye-of-the-photographer.com\/wp-content\/uploads\/2020\/02\/duo-lingerie-blanche-web.jpg?resize=350%2C200&ssl=1","width":350,"height":200,"srcset":"https:\/\/i0.wp.com\/www.the-eye-of-the-photographer.com\/wp-content\/uploads\/2020\/02\/duo-lingerie-blanche-web.jpg?resize=350%2C200&ssl=1 1x, https:\/\/i0.wp.com\/www.the-eye-of-the-photographer.com\/wp-content\/uploads\/2020\/02\/duo-lingerie-blanche-web.jpg?resize=525%2C300&ssl=1 1.5x, https:\/\/i0.wp.com\/www.the-eye-of-the-photographer.com\/wp-content\/uploads\/2020\/02\/duo-lingerie-blanche-web.jpg?resize=700%2C400&ssl=1 2x, https:\/\/i0.wp.com\/www.the-eye-of-the-photographer.com\/wp-content\/uploads\/2020\/02\/duo-lingerie-blanche-web.jpg?resize=1050%2C600&ssl=1 3x"},"classes":[]},{"id":2903,"url":"https:\/\/www.the-eye-of-the-photographer.com\/en\/achat-oeuvres-art\/","url_meta":{"origin":22,"position":4},"title":"(Fran\u00e7ais) Achat de mes \u0153uvres d\u2019art.","author":"Stef040280","date":"Monday October 30th, 2023","format":false,"excerpt":"Sorry, this entry is only available in Fran\u00e7ais.","rel":"","context":"Similar post","block_context":{"text":"Similar post","link":""},"img":{"alt_text":"","src":"","width":0,"height":0},"classes":[]},{"id":632,"url":"https:\/\/www.the-eye-of-the-photographer.com\/en\/photo-de-lingerie\/","url_meta":{"origin":22,"position":5},"title":"(Fran\u00e7ais) Lingerie","author":"Stef040280","date":"Sunday March  8th, 2020","format":false,"excerpt":"\u00a0Pour moi, la photo de lingerie fait pratiquement partie du nu artistique, carelle en est tr\u00e8s proche \u00e0 bien des \u00e9gards. Finalement, il n\u2019y a que quelquescentim\u00e8tres carr\u00e9s de tissus qui les s\u00e9parent. Et encore ces tissus sont biensouvent transparents comme le tulle, ajour\u00e9s comme la dentelle ou extr\u00eamementmoulants comme\u2026","rel":"","context":"Similar post","block_context":{"text":"Similar post","link":""},"img":{"alt_text":"gallerie lingerie","src":"https:\/\/i0.wp.com\/www.the-eye-of-the-photographer.com\/wp-content\/uploads\/2020\/02\/lingerie-gobo-fen%C3%AAtre-web-scaled.jpg?resize=350%2C200","width":350,"height":200,"srcset":"https:\/\/i0.wp.com\/www.the-eye-of-the-photographer.com\/wp-content\/uploads\/2020\/02\/lingerie-gobo-fen%C3%AAtre-web-scaled.jpg?resize=350%2C200 1x, https:\/\/i0.wp.com\/www.the-eye-of-the-photographer.com\/wp-content\/uploads\/2020\/02\/lingerie-gobo-fen%C3%AAtre-web-scaled.jpg?resize=525%2C300 1.5x, https:\/\/i0.wp.com\/www.the-eye-of-the-photographer.com\/wp-content\/uploads\/2020\/02\/lingerie-gobo-fen%C3%AAtre-web-scaled.jpg?resize=700%2C400 2x, https:\/\/i0.wp.com\/www.the-eye-of-the-photographer.com\/wp-content\/uploads\/2020\/02\/lingerie-gobo-fen%C3%AAtre-web-scaled.jpg?resize=1050%2C600 3x, https:\/\/i0.wp.com\/www.the-eye-of-the-photographer.com\/wp-content\/uploads\/2020\/02\/lingerie-gobo-fen%C3%AAtre-web-scaled.jpg?resize=1400%2C800 4x"},"classes":[]}],"_links":{"self":[{"href":"https:\/\/www.the-eye-of-the-photographer.com\/en\/wp-json\/wp\/v2\/pages\/22","targetHints":{"allow":["GET"]}}],"collection":[{"href":"https:\/\/www.the-eye-of-the-photographer.com\/en\/wp-json\/wp\/v2\/pages"}],"about":[{"href":"https:\/\/www.the-eye-of-the-photographer.com\/en\/wp-json\/wp\/v2\/types\/page"}],"author":[{"embeddable":true,"href":"https:\/\/www.the-eye-of-the-photographer.com\/en\/wp-json\/wp\/v2\/users\/1"}],"replies":[{"embeddable":true,"href":"https:\/\/www.the-eye-of-the-photographer.com\/en\/wp-json\/wp\/v2\/comments?post=22"}],"version-history":[{"count":20,"href":"https:\/\/www.the-eye-of-the-photographer.com\/en\/wp-json\/wp\/v2\/pages\/22\/revisions"}],"predecessor-version":[{"id":3101,"href":"https:\/\/www.the-eye-of-the-photographer.com\/en\/wp-json\/wp\/v2\/pages\/22\/revisions\/3101"}],"wp:attachment":[{"href":"https:\/\/www.the-eye-of-the-photographer.com\/en\/wp-json\/wp\/v2\/media?parent=22"}],"curies":[{"name":"wp","href":"https:\/\/api.w.org\/{rel}","templated":true}]}}