{"id":13,"date":"2017-11-04T18:45:25","date_gmt":"2017-11-04T17:45:25","guid":{"rendered":"http:\/\/www.the-eye-of-the-photographer.com\/?page_id=13"},"modified":"2024-03-16T16:50:35","modified_gmt":"2024-03-16T15:50:35","slug":"avertissement","status":"publish","type":"page","link":"https:\/\/www.the-eye-of-the-photographer.com\/en\/galeries\/avertissement\/","title":{"rendered":"Avertissement"},"content":{"rendered":"<div id=\"dslc-theme-content\"><div id=\"dslc-theme-content-inner\"><h2>Attention !<\/h2>\n<p>En bon photographe de nu artistique \u00e0 Paris les photos des galeries qui se trouvent sous cette rubrique contiennent de la nudit\u00e9. Bien qu'il s'agisse de nus artistiques\u00a0 (AKT) certaines sensibilit\u00e9s peuvent ne pas appr\u00e9cier. Je vous conseille donc si tel est le cas pour vous de revenir sur les <a href=\"http:\/\/www.the-eye-of-the-photographer.com\/galeries\/\">autres galeries<\/a> de ce site.<\/p>\n<p>D'autre part si vous \u00eates mineurs ces pages vous sont tout simplement interdites par la loi (quelque soit le pays o\u00f9 vous vous trouvez).<\/p>\n<p>En cliquant sur le bouton je suis majeur vous vous engagez juridiquement. Vous entrez donc dans cette section du site en toute connaissance de cause apr\u00e8s avoir \u00e9t\u00e9 clairement averti. En aucun cas, vous ne pourrez nous tenir responsable de quelque cons\u00e9quence que ce soit.<\/p>\n<p>Aucun jugement ici mais il vous appartient de conna\u00eetre vos limites et de respecter les lois de votre pays. Si vous n'aimez pas cette forme d'art je le respecte et si vous \u00eates mineur ... et bien un peu de patience ! Un jour vous aurez le droit de vous faire votre propre avis sur cette partie de mon travail.<\/p>\n<a href=\"http:\/\/www.the-eye-of-the-photographer.com\/galeries\/avertissement\/gallery-view-185-galeries-nus-artistiques\/\" class=\"btn button btn-shortcode kad-btn kad-btn-primary\" id=\"kadbtn950\" target=\"_self\" style=\"background-color:#444;color:#FFF;\"onMouseOver=\"this.style.background='',this.style.color='#CCC'\" onMouseOut=\"this.style.background='#444', this.style.color='#FFF'\">Je suis majeur et je souhaite voir ces photos r\u00e9serv\u00e9es \u00e0 un public averti.<\/a>\n<a href=\"http:\/\/www.the-eye-of-the-photographer.com\/galeries\/artisans-et-metiers-dart\/\" class=\"btn button btn-shortcode kad-btn kad-btn-primary\" id=\"kadbtn633\" target=\"_self\" style=\"background-color:#999;color:#FFF;\"onMouseOver=\"this.style.background='',this.style.color='#CCC'\" onMouseOut=\"this.style.background='#999', this.style.color='#FFF'\"> Je suis mineur ou je ne souhaite pas voir ces photos r\u00e9serv\u00e9es \u00e0 un public averti<\/a><\/div><\/div>","protected":false},"excerpt":{"rendered":"<p>Attention ! En bon photographe de nu artistique \u00e0 Paris les photos des galeries qui se trouvent sous cette rubrique contiennent de la nudit\u00e9. Bien qu'il s'agisse de nus artistiques\u00a0 (AKT) certaines sensibilit\u00e9s peuvent ne pas appr\u00e9cier. Je vous conseille &hellip; <a href=\"https:\/\/www.the-eye-of-the-photographer.com\/en\/galeries\/avertissement\/\">Continued<\/a><\/p>\n","protected":false},"author":1,"featured_media":0,"parent":18,"menu_order":0,"comment_status":"closed","ping_status":"closed","template":"","meta":{"sfsi_plus_gutenberg_text_before_share":"","sfsi_plus_gutenberg_show_text_before_share":"","sfsi_plus_gutenberg_icon_type":"","sfsi_plus_gutenberg_icon_alignemt":"","sfsi_plus_gutenburg_max_per_row":"","kt_blocks_editor_width":"","jetpack_post_was_ever_published":false,"footnotes":""},"class_list":["post-13","page","type-page","status-publish","hentry"],"yoast_head":"<!-- This site is optimized with the Yoast SEO plugin v26.8 - https:\/\/yoast.com\/product\/yoast-seo-wordpress\/ -->\n<title>Avertissement - The eye of the photographer<\/title>\n<meta name=\"description\" content=\"La galerie du Photographe de nu artistique \u00e0 Paris The Eye Of The Photographer. Cette galerie est r\u00e9serv\u00e9 \u00e0 un public majeur et amateur d&#039;Akt.\" \/>\n<meta name=\"robots\" content=\"index, follow, max-snippet:-1, max-image-preview:large, max-video-preview:-1\" \/>\n<link rel=\"canonical\" href=\"https:\/\/www.the-eye-of-the-photographer.com\/galeries\/avertissement\/\" \/>\n<meta property=\"og:locale\" content=\"en_US\" \/>\n<meta property=\"og:type\" content=\"article\" \/>\n<meta property=\"og:title\" content=\"Avertissement - The eye of the photographer\" \/>\n<meta property=\"og:description\" content=\"La galerie du Photographe de nu artistique \u00e0 Paris The Eye Of The Photographer. Cette galerie est r\u00e9serv\u00e9 \u00e0 un public majeur et amateur d&#039;Akt.\" \/>\n<meta property=\"og:url\" content=\"https:\/\/www.the-eye-of-the-photographer.com\/galeries\/avertissement\/\" \/>\n<meta property=\"og:site_name\" content=\"The eye of the photographer\" \/>\n<meta property=\"article:modified_time\" content=\"2024-03-16T15:50:35+00:00\" \/>\n<meta name=\"twitter:card\" content=\"summary_large_image\" \/>\n<meta name=\"twitter:label1\" content=\"Est. reading time\" \/>\n\t<meta name=\"twitter:data1\" content=\"3 minutes\" \/>\n<script type=\"application\/ld+json\" class=\"yoast-schema-graph\">{\"@context\":\"https:\/\/schema.org\",\"@graph\":[{\"@type\":\"WebPage\",\"@id\":\"https:\/\/www.the-eye-of-the-photographer.com\/galeries\/avertissement\/\",\"url\":\"https:\/\/www.the-eye-of-the-photographer.com\/galeries\/avertissement\/\",\"name\":\"Avertissement - The eye of the photographer\",\"isPartOf\":{\"@id\":\"https:\/\/www.the-eye-of-the-photographer.com\/#website\"},\"datePublished\":\"2017-11-04T17:45:25+00:00\",\"dateModified\":\"2024-03-16T15:50:35+00:00\",\"description\":\"La galerie du Photographe de nu artistique \u00e0 Paris The Eye Of The Photographer. Cette galerie est r\u00e9serv\u00e9 \u00e0 un public majeur et amateur d'Akt.\",\"breadcrumb\":{\"@id\":\"https:\/\/www.the-eye-of-the-photographer.com\/galeries\/avertissement\/#breadcrumb\"},\"inLanguage\":\"en-US\",\"potentialAction\":[{\"@type\":\"ReadAction\",\"target\":[\"https:\/\/www.the-eye-of-the-photographer.com\/galeries\/avertissement\/\"]}]},{\"@type\":\"BreadcrumbList\",\"@id\":\"https:\/\/www.the-eye-of-the-photographer.com\/galeries\/avertissement\/#breadcrumb\",\"itemListElement\":[{\"@type\":\"ListItem\",\"position\":1,\"name\":\"Accueil\",\"item\":\"https:\/\/www.the-eye-of-the-photographer.com\/\"},{\"@type\":\"ListItem\",\"position\":2,\"name\":\"Galeries\",\"item\":\"https:\/\/www.the-eye-of-the-photographer.com\/galeries\/\"},{\"@type\":\"ListItem\",\"position\":3,\"name\":\"Avertissement\"}]},{\"@type\":\"WebSite\",\"@id\":\"https:\/\/www.the-eye-of-the-photographer.com\/#website\",\"url\":\"https:\/\/www.the-eye-of-the-photographer.com\/\",\"name\":\"The eye of the photographer\",\"description\":\"Photographies et vid\u00e9os d&#039;art\",\"potentialAction\":[{\"@type\":\"SearchAction\",\"target\":{\"@type\":\"EntryPoint\",\"urlTemplate\":\"https:\/\/www.the-eye-of-the-photographer.com\/?s={search_term_string}\"},\"query-input\":{\"@type\":\"PropertyValueSpecification\",\"valueRequired\":true,\"valueName\":\"search_term_string\"}}],\"inLanguage\":\"en-US\"},{\"@type\":\"ImageObject\",\"inLanguage\":\"en-US\",\"@id\":\"https:\/\/www.the-eye-of-the-photographer.com\/galeries\/avertissement\/#local-main-organization-logo\",\"url\":\"\",\"contentUrl\":\"\",\"caption\":\"The eye of the photographer\"}]}<\/script>\n<!-- \/ Yoast SEO plugin. -->","yoast_head_json":{"title":"Avertissement - The eye of the photographer","description":"La galerie du Photographe de nu artistique \u00e0 Paris The Eye Of The Photographer. Cette galerie est r\u00e9serv\u00e9 \u00e0 un public majeur et amateur d'Akt.","robots":{"index":"index","follow":"follow","max-snippet":"max-snippet:-1","max-image-preview":"max-image-preview:large","max-video-preview":"max-video-preview:-1"},"canonical":"https:\/\/www.the-eye-of-the-photographer.com\/galeries\/avertissement\/","og_locale":"en_US","og_type":"article","og_title":"Avertissement - The eye of the photographer","og_description":"La galerie du Photographe de nu artistique \u00e0 Paris The Eye Of The Photographer. Cette galerie est r\u00e9serv\u00e9 \u00e0 un public majeur et amateur d'Akt.","og_url":"https:\/\/www.the-eye-of-the-photographer.com\/galeries\/avertissement\/","og_site_name":"The eye of the photographer","article_modified_time":"2024-03-16T15:50:35+00:00","twitter_card":"summary_large_image","twitter_misc":{"Est. reading time":"3 minutes"},"schema":{"@context":"https:\/\/schema.org","@graph":[{"@type":"WebPage","@id":"https:\/\/www.the-eye-of-the-photographer.com\/galeries\/avertissement\/","url":"https:\/\/www.the-eye-of-the-photographer.com\/galeries\/avertissement\/","name":"Avertissement - The eye of the photographer","isPartOf":{"@id":"https:\/\/www.the-eye-of-the-photographer.com\/#website"},"datePublished":"2017-11-04T17:45:25+00:00","dateModified":"2024-03-16T15:50:35+00:00","description":"La galerie du Photographe de nu artistique \u00e0 Paris The Eye Of The Photographer. Cette galerie est r\u00e9serv\u00e9 \u00e0 un public majeur et amateur d'Akt.","breadcrumb":{"@id":"https:\/\/www.the-eye-of-the-photographer.com\/galeries\/avertissement\/#breadcrumb"},"inLanguage":"en-US","potentialAction":[{"@type":"ReadAction","target":["https:\/\/www.the-eye-of-the-photographer.com\/galeries\/avertissement\/"]}]},{"@type":"BreadcrumbList","@id":"https:\/\/www.the-eye-of-the-photographer.com\/galeries\/avertissement\/#breadcrumb","itemListElement":[{"@type":"ListItem","position":1,"name":"Accueil","item":"https:\/\/www.the-eye-of-the-photographer.com\/"},{"@type":"ListItem","position":2,"name":"Galeries","item":"https:\/\/www.the-eye-of-the-photographer.com\/galeries\/"},{"@type":"ListItem","position":3,"name":"Avertissement"}]},{"@type":"WebSite","@id":"https:\/\/www.the-eye-of-the-photographer.com\/#website","url":"https:\/\/www.the-eye-of-the-photographer.com\/","name":"The eye of the photographer","description":"Photographies et vid\u00e9os d&#039;art","potentialAction":[{"@type":"SearchAction","target":{"@type":"EntryPoint","urlTemplate":"https:\/\/www.the-eye-of-the-photographer.com\/?s={search_term_string}"},"query-input":{"@type":"PropertyValueSpecification","valueRequired":true,"valueName":"search_term_string"}}],"inLanguage":"en-US"},{"@type":"ImageObject","inLanguage":"en-US","@id":"https:\/\/www.the-eye-of-the-photographer.com\/galeries\/avertissement\/#local-main-organization-logo","url":"","contentUrl":"","caption":"The eye of the photographer"}]}},"jetpack_sharing_enabled":true,"jetpack_shortlink":"https:\/\/wp.me\/P9wpDF-d","jetpack_likes_enabled":true,"jetpack-related-posts":[{"id":18,"url":"https:\/\/www.the-eye-of-the-photographer.com\/en\/galeries\/","url_meta":{"origin":13,"position":0},"title":"Galeries","author":"Stef040280","date":"Saturday November  4th, 2017","format":false,"excerpt":"Vous voil\u00e0 dans la rubrique principale de ce site : les galeries photographiques de The Eye Of The Photographer. Vous trouverez donc ici un avant go\u00fbt de mon travail dans diff\u00e9rents domaines. J'ai bien sur un style de pr\u00e9dilection mais j'ai toujours trouv\u00e9 dommage de se limiter \u00e0 un style.\u2026","rel":"","context":"Similar post","block_context":{"text":"Similar post","link":""},"img":{"alt_text":"","src":"https:\/\/i0.wp.com\/www.the-eye-of-the-photographer.com\/wp-content\/uploads\/2018\/06\/portrait-assis-217x300.jpg?resize=350%2C200","width":350,"height":200},"classes":[]},{"id":2888,"url":"https:\/\/www.the-eye-of-the-photographer.com\/en\/comment-poser-nu\/","url_meta":{"origin":13,"position":1},"title":"Comment poser nu pour moi","author":"Stef040280","date":"Monday October 30th, 2023","format":false,"excerpt":"Sorry, this entry is only available in Fran\u00e7ais.","rel":"","context":"Similar post","block_context":{"text":"Similar post","link":""},"img":{"alt_text":"","src":"","width":0,"height":0},"classes":[]},{"id":150,"url":"https:\/\/www.the-eye-of-the-photographer.com\/en\/galeries\/avertissement\/nu-artistique\/","url_meta":{"origin":13,"position":2},"title":"Galeries Nu artistique","author":"Stef040280","date":"Tuesday June 19th, 2018","format":false,"excerpt":"Here you will find my galleries of artistic nudes or AKT, my kind of predilection and my speciality. If you want to know more about my vision of this art, my projects or if you want to work with me you can click here. For the moment the classification is\u2026","rel":"","context":"Similar post","block_context":{"text":"Similar post","link":""},"img":{"alt_text":"","src":"https:\/\/i0.wp.com\/www.the-eye-of-the-photographer.com\/wp-content\/uploads\/2018\/06\/nu-pudique-fresnel.jpg?resize=350%2C200","width":350,"height":200,"srcset":"https:\/\/i0.wp.com\/www.the-eye-of-the-photographer.com\/wp-content\/uploads\/2018\/06\/nu-pudique-fresnel.jpg?resize=350%2C200 1x, https:\/\/i0.wp.com\/www.the-eye-of-the-photographer.com\/wp-content\/uploads\/2018\/06\/nu-pudique-fresnel.jpg?resize=525%2C300 1.5x, https:\/\/i0.wp.com\/www.the-eye-of-the-photographer.com\/wp-content\/uploads\/2018\/06\/nu-pudique-fresnel.jpg?resize=700%2C400 2x, https:\/\/i0.wp.com\/www.the-eye-of-the-photographer.com\/wp-content\/uploads\/2018\/06\/nu-pudique-fresnel.jpg?resize=1050%2C600 3x, https:\/\/i0.wp.com\/www.the-eye-of-the-photographer.com\/wp-content\/uploads\/2018\/06\/nu-pudique-fresnel.jpg?resize=1400%2C800 4x"},"classes":[]},{"id":288,"url":"https:\/\/www.the-eye-of-the-photographer.com\/en\/galeries\/artisans-et-metiers-dart\/","url_meta":{"origin":13,"position":3},"title":"Artisans et M\u00e9tiers d'Art","author":"Stef040280","date":"Saturday July  7th, 2018","format":false,"excerpt":"Sur cette page vous trouverez des artistes ou des artisans avec leurs \u0153uvres en plein processus cr\u00e9atifs. Je trouve fascinant de voir faire ces femmes et ces hommes \u00e0 la ma\u00eetrise technique \u00e9poustouflante. La concentration dans leur regard et leur cr\u00e9ativit\u00e9 ont un effet hypnotique qui m\u00e9ritait \u00e0 d\u00e9faut d'\u00eatre\u2026","rel":"","context":"Similar post","block_context":{"text":"Similar post","link":""},"img":{"alt_text":"","src":"https:\/\/i0.wp.com\/www.the-eye-of-the-photographer.com\/wp-content\/uploads\/2018\/07\/projet-statut-suite-003.jpg?resize=350%2C200","width":350,"height":200,"srcset":"https:\/\/i0.wp.com\/www.the-eye-of-the-photographer.com\/wp-content\/uploads\/2018\/07\/projet-statut-suite-003.jpg?resize=350%2C200 1x, https:\/\/i0.wp.com\/www.the-eye-of-the-photographer.com\/wp-content\/uploads\/2018\/07\/projet-statut-suite-003.jpg?resize=525%2C300 1.5x, https:\/\/i0.wp.com\/www.the-eye-of-the-photographer.com\/wp-content\/uploads\/2018\/07\/projet-statut-suite-003.jpg?resize=700%2C400 2x, https:\/\/i0.wp.com\/www.the-eye-of-the-photographer.com\/wp-content\/uploads\/2018\/07\/projet-statut-suite-003.jpg?resize=1050%2C600 3x, https:\/\/i0.wp.com\/www.the-eye-of-the-photographer.com\/wp-content\/uploads\/2018\/07\/projet-statut-suite-003.jpg?resize=1400%2C800 4x"},"classes":[]},{"id":2906,"url":"https:\/\/www.the-eye-of-the-photographer.com\/en\/differents-styles-photo-nu\/","url_meta":{"origin":13,"position":4},"title":"(Fran\u00e7ais) Les diff\u00e9rents styles de photo de nu","author":"Stef040280","date":"Monday October 30th, 2023","format":false,"excerpt":"Sorry, this entry is only available in Fran\u00e7ais.","rel":"","context":"Similar post","block_context":{"text":"Similar post","link":""},"img":{"alt_text":"","src":"https:\/\/i0.wp.com\/www.the-eye-of-the-photographer.com\/wp-content\/uploads\/2020\/02\/duo-lingerie-blanche-web.jpg?resize=350%2C200&ssl=1","width":350,"height":200,"srcset":"https:\/\/i0.wp.com\/www.the-eye-of-the-photographer.com\/wp-content\/uploads\/2020\/02\/duo-lingerie-blanche-web.jpg?resize=350%2C200&ssl=1 1x, https:\/\/i0.wp.com\/www.the-eye-of-the-photographer.com\/wp-content\/uploads\/2020\/02\/duo-lingerie-blanche-web.jpg?resize=525%2C300&ssl=1 1.5x, https:\/\/i0.wp.com\/www.the-eye-of-the-photographer.com\/wp-content\/uploads\/2020\/02\/duo-lingerie-blanche-web.jpg?resize=700%2C400&ssl=1 2x, https:\/\/i0.wp.com\/www.the-eye-of-the-photographer.com\/wp-content\/uploads\/2020\/02\/duo-lingerie-blanche-web.jpg?resize=1050%2C600&ssl=1 3x"},"classes":[]},{"id":2913,"url":"https:\/\/www.the-eye-of-the-photographer.com\/en\/phototherapie\/","url_meta":{"origin":13,"position":5},"title":"(Fran\u00e7ais) Phototh\u00e9rapie","author":"Stef040280","date":"Monday October 30th, 2023","format":false,"excerpt":"La phototh\u00e9rapie, un sujet complexe : Soyons clair, la phototh\u00e9rapie n\u2019existe pas en tant que th\u00e9rapie. Une th\u00e9rapie rel\u00e8ve du domaine m\u00e9dical et aucun des photographes qui se targuent de faire de la phototh\u00e9rapie n\u2019est m\u00e9decin. Cela peut vous sembler p\u00e9remptoire, mais en tant qu'hypnoth\u00e9rapeute et Coach mental, je sais\u2026","rel":"","context":"Similar post","block_context":{"text":"Similar post","link":""},"img":{"alt_text":"photo d'appareil \u00e0 phototh\u00e9rapie","src":"https:\/\/i0.wp.com\/www.the-eye-of-the-photographer.com\/wp-content\/uploads\/2023\/10\/pexels-mufid-majnun-dispositif-medical-phototherapie-scaled.jpg?resize=350%2C200","width":350,"height":200,"srcset":"https:\/\/i0.wp.com\/www.the-eye-of-the-photographer.com\/wp-content\/uploads\/2023\/10\/pexels-mufid-majnun-dispositif-medical-phototherapie-scaled.jpg?resize=350%2C200 1x, https:\/\/i0.wp.com\/www.the-eye-of-the-photographer.com\/wp-content\/uploads\/2023\/10\/pexels-mufid-majnun-dispositif-medical-phototherapie-scaled.jpg?resize=525%2C300 1.5x, https:\/\/i0.wp.com\/www.the-eye-of-the-photographer.com\/wp-content\/uploads\/2023\/10\/pexels-mufid-majnun-dispositif-medical-phototherapie-scaled.jpg?resize=700%2C400 2x, https:\/\/i0.wp.com\/www.the-eye-of-the-photographer.com\/wp-content\/uploads\/2023\/10\/pexels-mufid-majnun-dispositif-medical-phototherapie-scaled.jpg?resize=1050%2C600 3x, https:\/\/i0.wp.com\/www.the-eye-of-the-photographer.com\/wp-content\/uploads\/2023\/10\/pexels-mufid-majnun-dispositif-medical-phototherapie-scaled.jpg?resize=1400%2C800 4x"},"classes":[]}],"_links":{"self":[{"href":"https:\/\/www.the-eye-of-the-photographer.com\/en\/wp-json\/wp\/v2\/pages\/13","targetHints":{"allow":["GET"]}}],"collection":[{"href":"https:\/\/www.the-eye-of-the-photographer.com\/en\/wp-json\/wp\/v2\/pages"}],"about":[{"href":"https:\/\/www.the-eye-of-the-photographer.com\/en\/wp-json\/wp\/v2\/types\/page"}],"author":[{"embeddable":true,"href":"https:\/\/www.the-eye-of-the-photographer.com\/en\/wp-json\/wp\/v2\/users\/1"}],"replies":[{"embeddable":true,"href":"https:\/\/www.the-eye-of-the-photographer.com\/en\/wp-json\/wp\/v2\/comments?post=13"}],"version-history":[{"count":22,"href":"https:\/\/www.the-eye-of-the-photographer.com\/en\/wp-json\/wp\/v2\/pages\/13\/revisions"}],"predecessor-version":[{"id":3292,"href":"https:\/\/www.the-eye-of-the-photographer.com\/en\/wp-json\/wp\/v2\/pages\/13\/revisions\/3292"}],"up":[{"embeddable":true,"href":"https:\/\/www.the-eye-of-the-photographer.com\/en\/wp-json\/wp\/v2\/pages\/18"}],"wp:attachment":[{"href":"https:\/\/www.the-eye-of-the-photographer.com\/en\/wp-json\/wp\/v2\/media?parent=13"}],"curies":[{"name":"wp","href":"https:\/\/api.w.org\/{rel}","templated":true}]}}