{"id":11,"date":"2017-09-01T16:55:05","date_gmt":"2017-09-01T14:55:05","guid":{"rendered":"http:\/\/www.the-eye-of-the-photographer.com\/?page_id=11"},"modified":"2023-10-30T11:56:49","modified_gmt":"2023-10-30T10:56:49","slug":"a-propos-the-eye-of-the-photographer","status":"publish","type":"page","link":"https:\/\/www.the-eye-of-the-photographer.com\/en\/a-propos-the-eye-of-the-photographer\/","title":{"rendered":"\u00c0 propos"},"content":{"rendered":"<div id=\"dslc-theme-content\"><div id=\"dslc-theme-content-inner\"><img data-recalc-dims=\"1\" loading=\"lazy\" decoding=\"async\" data-attachment-id=\"129\" data-permalink=\"https:\/\/www.the-eye-of-the-photographer.com\/en\/a-propos-the-eye-of-the-photographer\/photo-presentation\/\" data-orig-file=\"https:\/\/i0.wp.com\/www.the-eye-of-the-photographer.com\/wp-content\/uploads\/2017\/12\/photo-pr%C3%A9sentation.jpg?fit=3456%2C5184&amp;ssl=1\" data-orig-size=\"3456,5184\" data-comments-opened=\"1\" data-image-meta=\"{&quot;aperture&quot;:&quot;13&quot;,&quot;credit&quot;:&quot;&quot;,&quot;camera&quot;:&quot;Canon EOS 7D&quot;,&quot;caption&quot;:&quot;&quot;,&quot;created_timestamp&quot;:&quot;1261075650&quot;,&quot;copyright&quot;:&quot;&quot;,&quot;focal_length&quot;:&quot;28&quot;,&quot;iso&quot;:&quot;160&quot;,&quot;shutter_speed&quot;:&quot;0.01&quot;,&quot;title&quot;:&quot;&quot;,&quot;orientation&quot;:&quot;0&quot;}\" data-image-title=\"photo pr\u00e9sentation\" data-image-description=\"\" data-image-caption=\"\" data-large-file=\"https:\/\/i0.wp.com\/www.the-eye-of-the-photographer.com\/wp-content\/uploads\/2017\/12\/photo-pr%C3%A9sentation.jpg?fit=683%2C1024&amp;ssl=1\" class=\"alignleft size-medium wp-image-129\" src=\"https:\/\/i0.wp.com\/www.the-eye-of-the-photographer.com\/wp-content\/uploads\/2017\/12\/photo-pr%C3%A9sentation-200x300.jpg?resize=400%2C600\" alt=\"\" width=\"400\" height=\"600\" srcset=\"https:\/\/i0.wp.com\/www.the-eye-of-the-photographer.com\/wp-content\/uploads\/2017\/12\/photo-pr%C3%A9sentation.jpg?resize=200%2C300&amp;ssl=1 200w, https:\/\/i0.wp.com\/www.the-eye-of-the-photographer.com\/wp-content\/uploads\/2017\/12\/photo-pr%C3%A9sentation.jpg?resize=768%2C1152&amp;ssl=1 768w, https:\/\/i0.wp.com\/www.the-eye-of-the-photographer.com\/wp-content\/uploads\/2017\/12\/photo-pr%C3%A9sentation.jpg?resize=683%2C1024&amp;ssl=1 683w, https:\/\/i0.wp.com\/www.the-eye-of-the-photographer.com\/wp-content\/uploads\/2017\/12\/photo-pr%C3%A9sentation.jpg?resize=512%2C768&amp;ssl=1 512w, https:\/\/i0.wp.com\/www.the-eye-of-the-photographer.com\/wp-content\/uploads\/2017\/12\/photo-pr%C3%A9sentation.jpg?w=2000&amp;ssl=1 2000w, https:\/\/i0.wp.com\/www.the-eye-of-the-photographer.com\/wp-content\/uploads\/2017\/12\/photo-pr%C3%A9sentation.jpg?w=3000&amp;ssl=1 3000w\" sizes=\"auto, (max-width: 400px) 100vw, 400px\" \/><\/p>\n<h2><span style=\"color: #ffffff;\">The story behind The Eye Of The Photographer<\/span><\/h2>\n<p><span style=\"color: #ffffff;\">My name is St\u00e9phane and I live in Paris.<br \/>\n<\/span><\/p>\n<p><span style=\"color: #ffffff;\">I have been passionate about photography for more than 23 years. I discovered this art after having pushed the door of a bookstore specialized in Photo books. This one was located near my high school in Paris. I then began to buy many books from different photographers, but that was not enough. Two or three years later I borrowed an APN (a really crappy one) from a friend to do my first session. Another friend - who was as new to the field as I was - had agreed to pose as a model. If the photos from this first session were not memorable, I nevertheless knew very clearly now that I wanted to continue. Since then I have done everything to improve myself in this field in order to be able to realize the ideas I had in mind.<\/span><\/p>\n<h3><span style=\"color: #ffffff;\">Technical training:<\/span><\/h3>\n<p><span style=\"color: #ffffff;\">Since then I have never stopped reading technical books, watching videos and DVDs to train or doing internships and sessions to improve my technique and my aesthetic sense. Today I am lucky to have worked with amateurs models who trusted me. I also work with international professionals (Japan, Ukraine, Romania, Czech Republic etc...) who also work for the biggest brands.<\/span><\/p>\n<p><span style=\"color: #ffffff;\">As in all arts, the journey is endless and I probably still have a lot to learn. Fortunately, I have thousands of session ideas to realize and even more people and worlds to discover. So I hope to be able to share my passion with them and continue to progress.<\/span><\/p>\n<h3><span style=\"color: #ffffff;\">The first steps in video:<\/span><\/h3>\n<p><span style=\"color: #ffffff;\">In 2015 two friends and I met to shoot our first short film. Entitled \"Une Nuit\" (One night) you will find more information on it<a href=\"http:\/\/www.the-eye-of-the-photographer.com\/videos\/\"> on the page dedicated to videos.<\/a> I had already been able to try my hand at directing, filming and editing in various personal or professional projects. But here again, I was taking a step forward (in addition to going from cinephile to producer).<br \/>\n<\/span><\/p>\n<h3><span style=\"color: #ffffff;\">The name:<\/span><\/h3>\n<p><span style=\"color: #ffffff;\">You may also be wondering where the name The Eye Of The Photographer comes from. Fans of Metallica and especially those of the series The twilight zone will have understood immediately the allusion to The Eye Of the Beholder. Only thing is I do more than contemplate. Since I try to fix these moments shared with the models, these visions created by my mind and what my eyes have contemplated, it made sense to change the name to The Eye Of The Photographer. To finish on this subject I use The Eye Of The Photographer because it also allows me to avoid that the different facets of my life mix too much without control on my part.<\/span><\/p>\n<p><span style=\"color: #ffffff;\">This site has several vocations to share my passion, show my artistic creations, find models. It is also intended to allow you to place orders with me and find customers for my photos. Anyway, and whatever your case may be, I hope you will enjoy what you see here.<\/span><\/p>\n<p><span style=\"color: #ffffff;\">Welcome to my world.<\/span><\/p>\n<p><span style=\"color: #ffffff;\">St\u00e9phane<\/span><\/div><\/div>","protected":false},"excerpt":{"rendered":"<p>The story behind The Eye Of The Photographer My name is St\u00e9phane and I live in Paris. I have been passionate about photography for more than 23 years. I discovered this art after having pushed the door of a bookstore &hellip; <a href=\"https:\/\/www.the-eye-of-the-photographer.com\/en\/a-propos-the-eye-of-the-photographer\/\">Continued<\/a><\/p>\n","protected":false},"author":1,"featured_media":0,"parent":0,"menu_order":0,"comment_status":"closed","ping_status":"closed","template":"","meta":{"sfsi_plus_gutenberg_text_before_share":"","sfsi_plus_gutenberg_show_text_before_share":"","sfsi_plus_gutenberg_icon_type":"","sfsi_plus_gutenberg_icon_alignemt":"","sfsi_plus_gutenburg_max_per_row":"","kt_blocks_editor_width":"","jetpack_post_was_ever_published":false,"footnotes":""},"class_list":["post-11","page","type-page","status-publish","hentry"],"yoast_head":"<!-- This site is optimized with the Yoast SEO plugin v26.8 - https:\/\/yoast.com\/product\/yoast-seo-wordpress\/ -->\n<title>(Fran\u00e7ais) \u00e0 propos de The Eye Of The Photographer<\/title>\n<meta name=\"description\" content=\"La page \u00e0 propos de The Eye Of The Photographer est l\u00e0 pour vous permettre d&#039;en savoir plus sur mon activit\u00e9 artistique de photographe vid\u00e9aste.\" \/>\n<meta name=\"robots\" content=\"index, follow, max-snippet:-1, max-image-preview:large, max-video-preview:-1\" \/>\n<link rel=\"canonical\" href=\"https:\/\/www.the-eye-of-the-photographer.com\/a-propos-the-eye-of-the-photographer\/\" \/>\n<meta property=\"og:locale\" content=\"en_US\" \/>\n<meta property=\"og:type\" content=\"article\" \/>\n<meta property=\"og:title\" content=\"[:fr]\u00e0 propos de The Eye Of The Photographer[:]\" \/>\n<meta property=\"og:description\" content=\"{:fr}Pour tout savoir \u00e0 propos de The Eye Of The Photographer et conna\u00eetre mon actualit\u00e9 artistique de photographe vid\u00e9aste.{:en}La page \u00e0 propos de The Eye Of The Photographer est l\u00e0 pour vous permettre d&#039;en savoir plus sur mon activit\u00e9 artistique de photographe vid\u00e9aste.{:}\" \/>\n<meta property=\"og:url\" content=\"https:\/\/www.the-eye-of-the-photographer.com\/a-propos-the-eye-of-the-photographer\/\" \/>\n<meta property=\"og:site_name\" content=\"The eye of the photographer\" \/>\n<meta property=\"article:modified_time\" content=\"2023-10-30T10:56:49+00:00\" \/>\n<meta name=\"twitter:card\" content=\"summary_large_image\" \/>\n<meta name=\"twitter:label1\" content=\"Est. reading time\" \/>\n\t<meta name=\"twitter:data1\" content=\"8 minutes\" \/>\n<script type=\"application\/ld+json\" class=\"yoast-schema-graph\">{\"@context\":\"https:\/\/schema.org\",\"@graph\":[{\"@type\":\"WebPage\",\"@id\":\"https:\/\/www.the-eye-of-the-photographer.com\/a-propos-the-eye-of-the-photographer\/\",\"url\":\"https:\/\/www.the-eye-of-the-photographer.com\/a-propos-the-eye-of-the-photographer\/\",\"name\":\"[:fr]\u00e0 propos de The Eye Of The Photographer[:]\",\"isPartOf\":{\"@id\":\"https:\/\/www.the-eye-of-the-photographer.com\/#website\"},\"datePublished\":\"2017-09-01T14:55:05+00:00\",\"dateModified\":\"2023-10-30T10:56:49+00:00\",\"description\":\"{:fr}Pour tout savoir \u00e0 propos de The Eye Of The Photographer et conna\u00eetre mon actualit\u00e9 artistique de photographe vid\u00e9aste.{:en}La page \u00e0 propos de The Eye Of The Photographer est l\u00e0 pour vous permettre d'en savoir plus sur mon activit\u00e9 artistique de photographe vid\u00e9aste.{:}\",\"breadcrumb\":{\"@id\":\"https:\/\/www.the-eye-of-the-photographer.com\/a-propos-the-eye-of-the-photographer\/#breadcrumb\"},\"inLanguage\":\"en-US\",\"potentialAction\":[{\"@type\":\"ReadAction\",\"target\":[\"https:\/\/www.the-eye-of-the-photographer.com\/a-propos-the-eye-of-the-photographer\/\"]}]},{\"@type\":\"BreadcrumbList\",\"@id\":\"https:\/\/www.the-eye-of-the-photographer.com\/a-propos-the-eye-of-the-photographer\/#breadcrumb\",\"itemListElement\":[{\"@type\":\"ListItem\",\"position\":1,\"name\":\"Accueil\",\"item\":\"https:\/\/www.the-eye-of-the-photographer.com\/\"},{\"@type\":\"ListItem\",\"position\":2,\"name\":\"\u00c0 propos\"}]},{\"@type\":\"WebSite\",\"@id\":\"https:\/\/www.the-eye-of-the-photographer.com\/#website\",\"url\":\"https:\/\/www.the-eye-of-the-photographer.com\/\",\"name\":\"The eye of the photographer\",\"description\":\"Photographies et vid\u00e9os d&#039;art\",\"potentialAction\":[{\"@type\":\"SearchAction\",\"target\":{\"@type\":\"EntryPoint\",\"urlTemplate\":\"https:\/\/www.the-eye-of-the-photographer.com\/?s={search_term_string}\"},\"query-input\":{\"@type\":\"PropertyValueSpecification\",\"valueRequired\":true,\"valueName\":\"search_term_string\"}}],\"inLanguage\":\"en-US\"},{\"@type\":\"ImageObject\",\"inLanguage\":\"en-US\",\"@id\":\"https:\/\/www.the-eye-of-the-photographer.com\/a-propos-the-eye-of-the-photographer\/#local-main-organization-logo\",\"url\":\"\",\"contentUrl\":\"\",\"caption\":\"The eye of the photographer\"}]}<\/script>\n<!-- \/ Yoast SEO plugin. -->","yoast_head_json":{"title":"(Fran\u00e7ais) \u00e0 propos de The Eye Of The Photographer","description":"La page \u00e0 propos de The Eye Of The Photographer est l\u00e0 pour vous permettre d'en savoir plus sur mon activit\u00e9 artistique de photographe vid\u00e9aste.","robots":{"index":"index","follow":"follow","max-snippet":"max-snippet:-1","max-image-preview":"max-image-preview:large","max-video-preview":"max-video-preview:-1"},"canonical":"https:\/\/www.the-eye-of-the-photographer.com\/a-propos-the-eye-of-the-photographer\/","og_locale":"en_US","og_type":"article","og_title":"[:fr]\u00e0 propos de The Eye Of The Photographer[:]","og_description":"{:fr}Pour tout savoir \u00e0 propos de The Eye Of The Photographer et conna\u00eetre mon actualit\u00e9 artistique de photographe vid\u00e9aste.{:en}La page \u00e0 propos de The Eye Of The Photographer est l\u00e0 pour vous permettre d'en savoir plus sur mon activit\u00e9 artistique de photographe vid\u00e9aste.{:}","og_url":"https:\/\/www.the-eye-of-the-photographer.com\/a-propos-the-eye-of-the-photographer\/","og_site_name":"The eye of the photographer","article_modified_time":"2023-10-30T10:56:49+00:00","twitter_card":"summary_large_image","twitter_misc":{"Est. reading time":"8 minutes"},"schema":{"@context":"https:\/\/schema.org","@graph":[{"@type":"WebPage","@id":"https:\/\/www.the-eye-of-the-photographer.com\/a-propos-the-eye-of-the-photographer\/","url":"https:\/\/www.the-eye-of-the-photographer.com\/a-propos-the-eye-of-the-photographer\/","name":"[:fr]\u00e0 propos de The Eye Of The Photographer[:]","isPartOf":{"@id":"https:\/\/www.the-eye-of-the-photographer.com\/#website"},"datePublished":"2017-09-01T14:55:05+00:00","dateModified":"2023-10-30T10:56:49+00:00","description":"{:fr}Pour tout savoir \u00e0 propos de The Eye Of The Photographer et conna\u00eetre mon actualit\u00e9 artistique de photographe vid\u00e9aste.{:en}La page \u00e0 propos de The Eye Of The Photographer est l\u00e0 pour vous permettre d'en savoir plus sur mon activit\u00e9 artistique de photographe vid\u00e9aste.{:}","breadcrumb":{"@id":"https:\/\/www.the-eye-of-the-photographer.com\/a-propos-the-eye-of-the-photographer\/#breadcrumb"},"inLanguage":"en-US","potentialAction":[{"@type":"ReadAction","target":["https:\/\/www.the-eye-of-the-photographer.com\/a-propos-the-eye-of-the-photographer\/"]}]},{"@type":"BreadcrumbList","@id":"https:\/\/www.the-eye-of-the-photographer.com\/a-propos-the-eye-of-the-photographer\/#breadcrumb","itemListElement":[{"@type":"ListItem","position":1,"name":"Accueil","item":"https:\/\/www.the-eye-of-the-photographer.com\/"},{"@type":"ListItem","position":2,"name":"\u00c0 propos"}]},{"@type":"WebSite","@id":"https:\/\/www.the-eye-of-the-photographer.com\/#website","url":"https:\/\/www.the-eye-of-the-photographer.com\/","name":"The eye of the photographer","description":"Photographies et vid\u00e9os d&#039;art","potentialAction":[{"@type":"SearchAction","target":{"@type":"EntryPoint","urlTemplate":"https:\/\/www.the-eye-of-the-photographer.com\/?s={search_term_string}"},"query-input":{"@type":"PropertyValueSpecification","valueRequired":true,"valueName":"search_term_string"}}],"inLanguage":"en-US"},{"@type":"ImageObject","inLanguage":"en-US","@id":"https:\/\/www.the-eye-of-the-photographer.com\/a-propos-the-eye-of-the-photographer\/#local-main-organization-logo","url":"","contentUrl":"","caption":"The eye of the photographer"}]}},"jetpack_sharing_enabled":true,"jetpack_shortlink":"https:\/\/wp.me\/P9wpDF-b","jetpack_likes_enabled":true,"jetpack-related-posts":[{"id":2888,"url":"https:\/\/www.the-eye-of-the-photographer.com\/en\/comment-poser-nu\/","url_meta":{"origin":11,"position":0},"title":"Comment poser nu pour moi","author":"Stef040280","date":"Monday October 30th, 2023","format":false,"excerpt":"Sorry, this entry is only available in Fran\u00e7ais.","rel":"","context":"Similar post","block_context":{"text":"Similar post","link":""},"img":{"alt_text":"","src":"","width":0,"height":0},"classes":[]},{"id":16,"url":"https:\/\/www.the-eye-of-the-photographer.com\/en\/contact-tarifs\/","url_meta":{"origin":11,"position":1},"title":"Contact et tarifs","author":"Stef040280","date":"Tuesday August 29th, 2017","format":false,"excerpt":"I am always happy to read what you send (whatever might be reason you are writing to me). Remember to specify the reason for your email, your first names, email and phone number. It will help me get back to you as soon as possible: You want to pose for\u2026","rel":"","context":"Similar post","block_context":{"text":"Similar post","link":""},"img":{"alt_text":"","src":"","width":0,"height":0},"classes":[]},{"id":18,"url":"https:\/\/www.the-eye-of-the-photographer.com\/en\/galeries\/","url_meta":{"origin":11,"position":2},"title":"Galeries","author":"Stef040280","date":"Saturday November  4th, 2017","format":false,"excerpt":"Vous voil\u00e0 dans la rubrique principale de ce site : les galeries photographiques de The Eye Of The Photographer. Vous trouverez donc ici un avant go\u00fbt de mon travail dans diff\u00e9rents domaines. J'ai bien sur un style de pr\u00e9dilection mais j'ai toujours trouv\u00e9 dommage de se limiter \u00e0 un style.\u2026","rel":"","context":"Similar post","block_context":{"text":"Similar post","link":""},"img":{"alt_text":"","src":"https:\/\/i0.wp.com\/www.the-eye-of-the-photographer.com\/wp-content\/uploads\/2018\/06\/portrait-assis-217x300.jpg?resize=350%2C200","width":350,"height":200},"classes":[]},{"id":632,"url":"https:\/\/www.the-eye-of-the-photographer.com\/en\/photo-de-lingerie\/","url_meta":{"origin":11,"position":3},"title":"(Fran\u00e7ais) Lingerie","author":"Stef040280","date":"Sunday March  8th, 2020","format":false,"excerpt":"\u00a0Pour moi, la photo de lingerie fait pratiquement partie du nu artistique, carelle en est tr\u00e8s proche \u00e0 bien des \u00e9gards. Finalement, il n\u2019y a que quelquescentim\u00e8tres carr\u00e9s de tissus qui les s\u00e9parent. Et encore ces tissus sont biensouvent transparents comme le tulle, ajour\u00e9s comme la dentelle ou extr\u00eamementmoulants comme\u2026","rel":"","context":"Similar post","block_context":{"text":"Similar post","link":""},"img":{"alt_text":"gallerie lingerie","src":"https:\/\/i0.wp.com\/www.the-eye-of-the-photographer.com\/wp-content\/uploads\/2020\/02\/lingerie-gobo-fen%C3%AAtre-web-scaled.jpg?resize=350%2C200","width":350,"height":200,"srcset":"https:\/\/i0.wp.com\/www.the-eye-of-the-photographer.com\/wp-content\/uploads\/2020\/02\/lingerie-gobo-fen%C3%AAtre-web-scaled.jpg?resize=350%2C200 1x, https:\/\/i0.wp.com\/www.the-eye-of-the-photographer.com\/wp-content\/uploads\/2020\/02\/lingerie-gobo-fen%C3%AAtre-web-scaled.jpg?resize=525%2C300 1.5x, https:\/\/i0.wp.com\/www.the-eye-of-the-photographer.com\/wp-content\/uploads\/2020\/02\/lingerie-gobo-fen%C3%AAtre-web-scaled.jpg?resize=700%2C400 2x, https:\/\/i0.wp.com\/www.the-eye-of-the-photographer.com\/wp-content\/uploads\/2020\/02\/lingerie-gobo-fen%C3%AAtre-web-scaled.jpg?resize=1050%2C600 3x, https:\/\/i0.wp.com\/www.the-eye-of-the-photographer.com\/wp-content\/uploads\/2020\/02\/lingerie-gobo-fen%C3%AAtre-web-scaled.jpg?resize=1400%2C800 4x"},"classes":[]},{"id":288,"url":"https:\/\/www.the-eye-of-the-photographer.com\/en\/galeries\/artisans-et-metiers-dart\/","url_meta":{"origin":11,"position":4},"title":"Artisans et M\u00e9tiers d'Art","author":"Stef040280","date":"Saturday July  7th, 2018","format":false,"excerpt":"Sur cette page vous trouverez des artistes ou des artisans avec leurs \u0153uvres en plein processus cr\u00e9atifs. Je trouve fascinant de voir faire ces femmes et ces hommes \u00e0 la ma\u00eetrise technique \u00e9poustouflante. La concentration dans leur regard et leur cr\u00e9ativit\u00e9 ont un effet hypnotique qui m\u00e9ritait \u00e0 d\u00e9faut d'\u00eatre\u2026","rel":"","context":"Similar post","block_context":{"text":"Similar post","link":""},"img":{"alt_text":"","src":"https:\/\/i0.wp.com\/www.the-eye-of-the-photographer.com\/wp-content\/uploads\/2018\/07\/projet-statut-suite-003.jpg?resize=350%2C200","width":350,"height":200,"srcset":"https:\/\/i0.wp.com\/www.the-eye-of-the-photographer.com\/wp-content\/uploads\/2018\/07\/projet-statut-suite-003.jpg?resize=350%2C200 1x, https:\/\/i0.wp.com\/www.the-eye-of-the-photographer.com\/wp-content\/uploads\/2018\/07\/projet-statut-suite-003.jpg?resize=525%2C300 1.5x, https:\/\/i0.wp.com\/www.the-eye-of-the-photographer.com\/wp-content\/uploads\/2018\/07\/projet-statut-suite-003.jpg?resize=700%2C400 2x, https:\/\/i0.wp.com\/www.the-eye-of-the-photographer.com\/wp-content\/uploads\/2018\/07\/projet-statut-suite-003.jpg?resize=1050%2C600 3x, https:\/\/i0.wp.com\/www.the-eye-of-the-photographer.com\/wp-content\/uploads\/2018\/07\/projet-statut-suite-003.jpg?resize=1400%2C800 4x"},"classes":[]},{"id":2911,"url":"https:\/\/www.the-eye-of-the-photographer.com\/en\/histoire-du-nu\/","url_meta":{"origin":11,"position":5},"title":"(Fran\u00e7ais) Histoire du nu","author":"Stef040280","date":"Monday October 30th, 2023","format":false,"excerpt":"Sorry, this entry is only available in Fran\u00e7ais.","rel":"","context":"Similar post","block_context":{"text":"Similar post","link":""},"img":{"alt_text":"","src":"https:\/\/i0.wp.com\/www.the-eye-of-the-photographer.com\/wp-content\/uploads\/2023\/10\/Statu-nu-masculin-antiquite-bronzes-phidias.jpg?resize=350%2C200&ssl=1","width":350,"height":200},"classes":[]}],"_links":{"self":[{"href":"https:\/\/www.the-eye-of-the-photographer.com\/en\/wp-json\/wp\/v2\/pages\/11","targetHints":{"allow":["GET"]}}],"collection":[{"href":"https:\/\/www.the-eye-of-the-photographer.com\/en\/wp-json\/wp\/v2\/pages"}],"about":[{"href":"https:\/\/www.the-eye-of-the-photographer.com\/en\/wp-json\/wp\/v2\/types\/page"}],"author":[{"embeddable":true,"href":"https:\/\/www.the-eye-of-the-photographer.com\/en\/wp-json\/wp\/v2\/users\/1"}],"replies":[{"embeddable":true,"href":"https:\/\/www.the-eye-of-the-photographer.com\/en\/wp-json\/wp\/v2\/comments?post=11"}],"version-history":[{"count":43,"href":"https:\/\/www.the-eye-of-the-photographer.com\/en\/wp-json\/wp\/v2\/pages\/11\/revisions"}],"predecessor-version":[{"id":3026,"href":"https:\/\/www.the-eye-of-the-photographer.com\/en\/wp-json\/wp\/v2\/pages\/11\/revisions\/3026"}],"wp:attachment":[{"href":"https:\/\/www.the-eye-of-the-photographer.com\/en\/wp-json\/wp\/v2\/media?parent=11"}],"curies":[{"name":"wp","href":"https:\/\/api.w.org\/{rel}","templated":true}]}}